{"id":10222,"date":"2023-03-30T10:36:25","date_gmt":"2023-03-30T02:36:25","guid":{"rendered":"https:\/\/mbi-bio.com\/nuestro-negocio-global\/"},"modified":"2024-06-05T13:51:38","modified_gmt":"2024-06-05T05:51:38","slug":"nuestro-negocio-global","status":"publish","type":"page","link":"https:\/\/mbi-bio.com\/es\/nuestro-negocio-global\/","title":{"rendered":"Nuestro Negocio Global"},"content":{"rendered":"\t\t<div data-elementor-type=\"wp-page\" data-elementor-id=\"10222\" class=\"elementor elementor-10222 elementor-4359\" data-elementor-post-type=\"page\">\n\t\t\t\t\t\t<section class=\"elementor-section elementor-top-section elementor-element elementor-element-ef16106 elementor-section-height-min-height elementor-section-boxed elementor-section-height-default elementor-section-items-middle\" data-id=\"ef16106\" data-element_type=\"section\" data-e-type=\"section\" data-settings=\"{&quot;background_background&quot;:&quot;classic&quot;,&quot;background_motion_fx_motion_fx_mouse&quot;:&quot;yes&quot;}\">\n\t\t\t\t\t\t\t<div class=\"elementor-background-overlay\"><\/div>\n\t\t\t\t\t\t\t<div class=\"elementor-container elementor-column-gap-wide\">\n\t\t\t\t\t<div class=\"elementor-column elementor-col-50 elementor-top-column elementor-element elementor-element-ee00dbd\" data-id=\"ee00dbd\" data-element_type=\"column\" data-e-type=\"column\" data-settings=\"{&quot;background_background&quot;:&quot;classic&quot;}\">\n\t\t\t<div class=\"elementor-widget-wrap elementor-element-populated\">\n\t\t\t\t\t\t<div class=\"elementor-element elementor-element-ffed17f elementor-widget elementor-widget-heading\" data-id=\"ffed17f\" data-element_type=\"widget\" data-e-type=\"widget\" data-widget_type=\"heading.default\">\n\t\t\t\t<div class=\"elementor-widget-container\">\n\t\t\t\t\t<h1 class=\"elementor-heading-title elementor-size-default\">Poder de Ventas Global<\/h1>\t\t\t\t<\/div>\n\t\t\t\t<\/div>\n\t\t\t\t<div class=\"elementor-element elementor-element-34d7f44 elementor-widget elementor-widget-text-editor\" data-id=\"34d7f44\" data-element_type=\"widget\" data-e-type=\"widget\" data-widget_type=\"text-editor.default\">\n\t\t\t\t<div class=\"elementor-widget-container\">\n\t\t\t\t\t\t\t\t\t<p><span style=\"color: #ffffff;\">Ya sea que seas una instituci\u00f3n m\u00e9dica, parte de la industria de la salud o un consumidor individual, nuestros productos y servicios pueden satisfacer tus necesidades. Con a\u00f1os de experiencia en investigaci\u00f3n y desarrollo y una excelente calidad de productos, hemos establecido una extensa red de ventas en 22 pa\u00edses y somos confiables para m\u00e1s de 500 organizaciones y m\u00e1s de 4.1 mil millones de personas.<\/span><\/p>\t\t\t\t\t\t\t\t<\/div>\n\t\t\t\t<\/div>\n\t\t\t\t\t<\/div>\n\t\t<\/div>\n\t\t\t\t<div class=\"elementor-column elementor-col-50 elementor-top-column elementor-element elementor-element-4a80dd0 elementor-hidden-tablet elementor-hidden-mobile\" data-id=\"4a80dd0\" data-element_type=\"column\" data-e-type=\"column\">\n\t\t\t<div class=\"elementor-widget-wrap\">\n\t\t\t\t\t\t\t<\/div>\n\t\t<\/div>\n\t\t\t\t\t<\/div>\n\t\t<\/section>\n\t\t\t\t<section class=\"elementor-section elementor-top-section elementor-element elementor-element-ec166aa elementor-section-height-min-height elementor-section-boxed elementor-section-height-default elementor-section-items-middle\" data-id=\"ec166aa\" data-element_type=\"section\" data-e-type=\"section\" data-settings=\"{&quot;background_background&quot;:&quot;classic&quot;,&quot;background_motion_fx_motion_fx_mouse&quot;:&quot;yes&quot;}\">\n\t\t\t\t\t\t\t<div class=\"elementor-background-overlay\"><\/div>\n\t\t\t\t\t\t\t<div class=\"elementor-container elementor-column-gap-wide\">\n\t\t\t\t\t<div class=\"elementor-column elementor-col-50 elementor-top-column elementor-element elementor-element-303dd14\" data-id=\"303dd14\" data-element_type=\"column\" data-e-type=\"column\" data-settings=\"{&quot;background_background&quot;:&quot;classic&quot;}\">\n\t\t\t<div class=\"elementor-widget-wrap elementor-element-populated\">\n\t\t\t\t\t\t<div class=\"elementor-element elementor-element-e639dc7 elementor-widget elementor-widget-heading\" data-id=\"e639dc7\" data-element_type=\"widget\" data-e-type=\"widget\" data-widget_type=\"heading.default\">\n\t\t\t\t<div class=\"elementor-widget-container\">\n\t\t\t\t\t<h1 class=\"elementor-heading-title elementor-size-default\">Nuestro Negocio Global<\/h1>\t\t\t\t<\/div>\n\t\t\t\t<\/div>\n\t\t\t\t<div class=\"elementor-element elementor-element-e5fd0c6 elementor-widget elementor-widget-text-editor\" data-id=\"e5fd0c6\" data-element_type=\"widget\" data-e-type=\"widget\" data-widget_type=\"text-editor.default\">\n\t\t\t\t<div class=\"elementor-widget-container\">\n\t\t\t\t\t\t\t\t\t<p><span style=\"color: #ffffff;\">Una estrategia de marketing efectiva es la clave del \u00e9xito en el mercado competitivo de hoy en d\u00eda. MBI ofrece soluciones integrales de marketing para ayudar a los clientes a destacar en el mercado. Nuestra l\u00ednea de productos incluye m\u00faltiples categor\u00edas, cuidando todas las partes del cuerpo humano, para que los clientes puedan elegir los productos m\u00e1s adecuados seg\u00fan sus necesidades.<\/span><\/p>\n<p>\u00a0<\/p>\n<p><span style=\"color: #ffffff;\">Adem\u00e1s de las ventajas de nuestras l\u00edneas de productos, tambi\u00e9n ofrecemos dispositivos m\u00e9dicos y productos de atenci\u00f3n m\u00e9dica que pueden ser promovidos para ventas conjuntas, permitiendo a nuestros clientes satisfacer mejor las demandas del mercado. Desde I+D hasta certificaci\u00f3n, podemos proporcionar productos m\u00e9dicos personalizados para satisfacer las necesidades de nuestros clientes. Adem\u00e1s, podemos colaborar con KOL adecuados para marketing y realizar seminarios para dar m\u00e1s exposici\u00f3n y reconocimiento a los productos de nuestros clientes.<\/span><\/p>\t\t\t\t\t\t\t\t<\/div>\n\t\t\t\t<\/div>\n\t\t\t\t\t<\/div>\n\t\t<\/div>\n\t\t\t\t<div class=\"elementor-column elementor-col-50 elementor-top-column elementor-element elementor-element-ce09a19 elementor-hidden-tablet elementor-hidden-mobile\" data-id=\"ce09a19\" data-element_type=\"column\" data-e-type=\"column\">\n\t\t\t<div class=\"elementor-widget-wrap\">\n\t\t\t\t\t\t\t<\/div>\n\t\t<\/div>\n\t\t\t\t\t<\/div>\n\t\t<\/section>\n\t\t\t\t<section class=\"elementor-section elementor-top-section elementor-element elementor-element-195a169 elementor-section-boxed elementor-section-height-default elementor-section-height-default\" data-id=\"195a169\" data-element_type=\"section\" data-e-type=\"section\">\n\t\t\t\t\t\t<div class=\"elementor-container elementor-column-gap-default\">\n\t\t\t\t\t<div class=\"elementor-column elementor-col-100 elementor-top-column elementor-element elementor-element-512401c\" data-id=\"512401c\" data-element_type=\"column\" data-e-type=\"column\">\n\t\t\t<div class=\"elementor-widget-wrap elementor-element-populated\">\n\t\t\t\t\t\t<div class=\"elementor-element elementor-element-4a32800 elementor-widget elementor-widget-heading\" data-id=\"4a32800\" data-element_type=\"widget\" data-e-type=\"widget\" data-widget_type=\"heading.default\">\n\t\t\t\t<div class=\"elementor-widget-container\">\n\t\t\t\t\t<h2 class=\"elementor-heading-title elementor-size-default\"><h2 data-elementor-setting-key=\"title\" data-pen-placeholder=\"Type Here...\" style=\"font-size: 52px;font-weight: 500;line-height: 1.2em;color: var( --e-global-color-accent )\">  <\/h2><\/h2>\t\t\t\t<\/div>\n\t\t\t\t<\/div>\n\t\t\t\t<div class=\"elementor-element elementor-element-fec5b7c elementor-widget elementor-widget-text-editor\" data-id=\"fec5b7c\" data-element_type=\"widget\" data-e-type=\"widget\" data-widget_type=\"text-editor.default\">\n\t\t\t\t<div class=\"elementor-widget-container\">\n\t\t\t\t\t\t\t\t\t<p>\u00a0<\/p>\n<p>\u00a0<\/p>\n<p>\u00a0<\/p>\n<p>En este mundo de globalizaci\u00f3n econ\u00f3mica, las soluciones de marketing de MBI tienen alcance global. Nuestros clientes provienen de diversos campos, incluidas las industrias m\u00e9dica, de belleza y de atenci\u00f3n m\u00e9dica. Hemos ganado la confianza y el apoyo de nuestros clientes con nuestra excelente calidad de productos y nuestras s\u00f3lidas estrategias de marketing.<\/p>\n<p>\u00a0<\/p>\n<p>Estamos comprometidos a proporcionar los mejores productos y servicios a nuestros clientes con el principio de que el cliente es lo primero. Seguimos haciendo innovaciones y progresos, brindando m\u00e1s valores y beneficios a nuestros clientes. Si est\u00e1s buscando una soluci\u00f3n de marketing integral, MBI es definitivamente tu mejor opci\u00f3n.<\/p>\n<p>\u00a0<\/p>\n<p>\u00a0<\/p>\t\t\t\t\t\t\t\t<\/div>\n\t\t\t\t<\/div>\n\t\t\t\t\t<\/div>\n\t\t<\/div>\n\t\t\t\t\t<\/div>\n\t\t<\/section>\n\t\t\t\t<section class=\"elementor-section elementor-top-section elementor-element elementor-element-9f6865d elementor-section-height-min-height elementor-section-boxed elementor-section-height-default elementor-section-items-middle\" data-id=\"9f6865d\" data-element_type=\"section\" data-e-type=\"section\" data-settings=\"{&quot;background_background&quot;:&quot;classic&quot;,&quot;background_motion_fx_motion_fx_mouse&quot;:&quot;yes&quot;}\">\n\t\t\t\t\t\t\t<div class=\"elementor-background-overlay\"><\/div>\n\t\t\t\t\t\t\t<div class=\"elementor-container elementor-column-gap-wide\">\n\t\t\t\t\t<div class=\"elementor-column elementor-col-50 elementor-top-column elementor-element elementor-element-a4d4fee\" data-id=\"a4d4fee\" data-element_type=\"column\" data-e-type=\"column\" data-settings=\"{&quot;background_background&quot;:&quot;classic&quot;}\">\n\t\t\t<div class=\"elementor-widget-wrap elementor-element-populated\">\n\t\t\t\t\t\t<div class=\"elementor-element elementor-element-c7d2b1f elementor-widget elementor-widget-heading\" data-id=\"c7d2b1f\" data-element_type=\"widget\" data-e-type=\"widget\" data-widget_type=\"heading.default\">\n\t\t\t\t<div class=\"elementor-widget-container\">\n\t\t\t\t\t<h1 class=\"elementor-heading-title elementor-size-default\">As\u00f3ciate con MBI para el \u00c9xito<\/h1>\t\t\t\t<\/div>\n\t\t\t\t<\/div>\n\t\t\t\t<div class=\"elementor-element elementor-element-4b42d85 elementor-widget elementor-widget-text-editor\" data-id=\"4b42d85\" data-element_type=\"widget\" data-e-type=\"widget\" data-widget_type=\"text-editor.default\">\n\t\t\t\t<div class=\"elementor-widget-container\">\n\t\t\t\t\t\t\t\t\t<p><span style=\"color: #ffffff;\">Contamos con 22 productos de marca propia, incluyendo dispositivos m\u00e9dicos ortop\u00e9dicos, dentales, est\u00e9ticos, quir\u00fargicos y oft\u00e1lmicos, y tambi\u00e9n ofrecemos servicios ODM\/OEM\/CDMO. A trav\u00e9s de la cooperaci\u00f3n, podemos crear una situaci\u00f3n beneficiosa para ambas partes. Como expertos en la industria de dispositivos m\u00e9dicos, tenemos soluciones integrales de marketing para satisfacer las necesidades de diferentes mercados, ofreciendo una amplia variedad de productos seg\u00fan los requisitos del cliente. Esperamos cooperar y obtener ganancias contigo.<\/span><\/p>\t\t\t\t\t\t\t\t<\/div>\n\t\t\t\t<\/div>\n\t\t\t\t\t<\/div>\n\t\t<\/div>\n\t\t\t\t<div class=\"elementor-column elementor-col-50 elementor-top-column elementor-element elementor-element-477a999 elementor-hidden-tablet elementor-hidden-mobile\" data-id=\"477a999\" data-element_type=\"column\" data-e-type=\"column\">\n\t\t\t<div class=\"elementor-widget-wrap\">\n\t\t\t\t\t\t\t<\/div>\n\t\t<\/div>\n\t\t\t\t\t<\/div>\n\t\t<\/section>\n\t\t\t\t<section class=\"elementor-section elementor-top-section elementor-element elementor-element-3289d7c elementor-section-boxed elementor-section-height-default elementor-section-height-default\" data-id=\"3289d7c\" data-element_type=\"section\" data-e-type=\"section\" data-settings=\"{&quot;background_background&quot;:&quot;classic&quot;}\">\n\t\t\t\t\t\t<div class=\"elementor-container elementor-column-gap-default\">\n\t\t\t\t\t<div class=\"elementor-column elementor-col-50 elementor-top-column elementor-element elementor-element-1cfec70\" data-id=\"1cfec70\" data-element_type=\"column\" data-e-type=\"column\">\n\t\t\t<div class=\"elementor-widget-wrap elementor-element-populated\">\n\t\t\t\t\t\t<div class=\"elementor-element elementor-element-d28075f elementor-widget elementor-widget-heading\" data-id=\"d28075f\" data-element_type=\"widget\" data-e-type=\"widget\" data-widget_type=\"heading.default\">\n\t\t\t\t<div class=\"elementor-widget-container\">\n\t\t\t\t\t<h2 class=\"elementor-heading-title elementor-size-default\">Bienvenidos socios distribuidores<\/h2>\t\t\t\t<\/div>\n\t\t\t\t<\/div>\n\t\t\t\t<div class=\"elementor-element elementor-element-41416f1 elementor-widget elementor-widget-text-editor\" data-id=\"41416f1\" data-element_type=\"widget\" data-e-type=\"widget\" data-widget_type=\"text-editor.default\">\n\t\t\t\t<div class=\"elementor-widget-container\">\n\t\t\t\t\t\t\t\t\t<p>MBI Marca Propia | OEM | ODM<\/p>\t\t\t\t\t\t\t\t<\/div>\n\t\t\t\t<\/div>\n\t\t\t\t<div class=\"elementor-element elementor-element-758273c elementor-widget elementor-widget-button\" data-id=\"758273c\" data-element_type=\"widget\" data-e-type=\"widget\" data-widget_type=\"button.default\">\n\t\t\t\t<div class=\"elementor-widget-container\">\n\t\t\t\t\t\t\t\t\t<div class=\"elementor-button-wrapper\">\n\t\t\t\t\t<a class=\"elementor-button elementor-button-link elementor-size-sm elementor-animation-shrink\" href=\"\/en\/contact-us\">\n\t\t\t\t\t\t<span class=\"elementor-button-content-wrapper\">\n\t\t\t\t\t\t\t\t\t<span class=\"elementor-button-text\">Biocer\u00e1micas<\/span>\n\t\t\t\t\t<\/span>\n\t\t\t\t\t<\/a>\n\t\t\t\t<\/div>\n\t\t\t\t\t\t\t\t<\/div>\n\t\t\t\t<\/div>\n\t\t\t\t\t<\/div>\n\t\t<\/div>\n\t\t\t\t<div class=\"elementor-column elementor-col-50 elementor-top-column elementor-element elementor-element-8685b96\" data-id=\"8685b96\" data-element_type=\"column\" data-e-type=\"column\">\n\t\t\t<div class=\"elementor-widget-wrap\">\n\t\t\t\t\t\t\t<\/div>\n\t\t<\/div>\n\t\t\t\t\t<\/div>\n\t\t<\/section>\n\t\t\t\t<\/div>\n\t\t","protected":false},"excerpt":{"rendered":"<p>Poder de Ventas Global Ya sea que seas una instituci\u00f3n m\u00e9dica, parte de la industria de la salud o un consumidor individual, nuestros productos y servicios pueden satisfacer tus necesidades. Con a\u00f1os de experiencia en investigaci\u00f3n y desarrollo y una excelente calidad de productos, hemos establecido una extensa red de ventas en 22 pa\u00edses y [&hellip;]<\/p>\n","protected":false},"author":4,"featured_media":0,"parent":0,"menu_order":0,"comment_status":"closed","ping_status":"closed","template":"","meta":{"_acf_changed":false,"footnotes":""},"class_list":["post-10222","page","type-page","status-publish","hentry"],"acf":[],"_links":{"self":[{"href":"https:\/\/mbi-bio.com\/es\/wp-json\/wp\/v2\/pages\/10222","targetHints":{"allow":["GET"]}}],"collection":[{"href":"https:\/\/mbi-bio.com\/es\/wp-json\/wp\/v2\/pages"}],"about":[{"href":"https:\/\/mbi-bio.com\/es\/wp-json\/wp\/v2\/types\/page"}],"author":[{"embeddable":true,"href":"https:\/\/mbi-bio.com\/es\/wp-json\/wp\/v2\/users\/4"}],"replies":[{"embeddable":true,"href":"https:\/\/mbi-bio.com\/es\/wp-json\/wp\/v2\/comments?post=10222"}],"version-history":[{"count":8,"href":"https:\/\/mbi-bio.com\/es\/wp-json\/wp\/v2\/pages\/10222\/revisions"}],"predecessor-version":[{"id":10238,"href":"https:\/\/mbi-bio.com\/es\/wp-json\/wp\/v2\/pages\/10222\/revisions\/10238"}],"wp:attachment":[{"href":"https:\/\/mbi-bio.com\/es\/wp-json\/wp\/v2\/media?parent=10222"}],"curies":[{"name":"wp","href":"https:\/\/api.w.org\/{rel}","templated":true}]}}