{"id":10250,"date":"2023-03-30T11:32:32","date_gmt":"2023-03-30T03:32:32","guid":{"rendered":"https:\/\/mbi-bio.com\/innovating-collagen-hyaluronic-acid-since-1998\/"},"modified":"2024-06-05T14:37:20","modified_gmt":"2024-06-05T06:37:20","slug":"innovando-en-colageno-y-acido-hialuronico-desde-1998","status":"publish","type":"page","link":"https:\/\/mbi-bio.com\/es\/innovando-en-colageno-y-acido-hialuronico-desde-1998\/","title":{"rendered":"Innovando en Col\u00e1geno y \u00c1cido Hialur\u00f3nico desde 1998"},"content":{"rendered":"\t\t<div data-elementor-type=\"wp-page\" data-elementor-id=\"10250\" class=\"elementor elementor-10250 elementor-4743\" data-elementor-post-type=\"page\">\n\t\t\t\t\t\t<section class=\"elementor-section elementor-top-section elementor-element elementor-element-e63d7dd elementor-section-height-min-height elementor-section-boxed elementor-section-height-default elementor-section-items-middle\" data-id=\"e63d7dd\" data-element_type=\"section\" data-e-type=\"section\" data-settings=\"{&quot;background_background&quot;:&quot;classic&quot;,&quot;background_motion_fx_motion_fx_mouse&quot;:&quot;yes&quot;}\">\n\t\t\t\t\t\t\t<div class=\"elementor-background-overlay\"><\/div>\n\t\t\t\t\t\t\t<div class=\"elementor-container elementor-column-gap-wide\">\n\t\t\t\t\t<div class=\"elementor-column elementor-col-50 elementor-top-column elementor-element elementor-element-111a559\" data-id=\"111a559\" data-element_type=\"column\" data-e-type=\"column\">\n\t\t\t<div class=\"elementor-widget-wrap elementor-element-populated\">\n\t\t\t\t\t\t<div class=\"elementor-element elementor-element-04b0dfe elementor-widget__width-initial elementor-widget elementor-widget-heading\" data-id=\"04b0dfe\" data-element_type=\"widget\" data-e-type=\"widget\" data-widget_type=\"heading.default\">\n\t\t\t\t<div class=\"elementor-widget-container\">\n\t\t\t\t\t<h1 class=\"elementor-heading-title elementor-size-default\">Innovando en<br>Col\u00e1geno y \u00c1cido Hialur\u00f3nico<br>desde 1998<\/h1>\t\t\t\t<\/div>\n\t\t\t\t<\/div>\n\t\t\t\t<div class=\"elementor-element elementor-element-ca03bbb elementor-widget elementor-widget-text-editor\" data-id=\"ca03bbb\" data-element_type=\"widget\" data-e-type=\"widget\" data-widget_type=\"text-editor.default\">\n\t\t\t\t<div class=\"elementor-widget-container\">\n\t\t\t\t\t\t\t\t\t<p>MBI se ha dedicado al desarrollo y aplicaci\u00f3n de col\u00e1geno y \u00e1cido hialur\u00f3nico para mejorar la calidad de vida de los consumidores. Hemos logrado grandes avances en el desarrollo de materiales. Nuestros productos son ampliamente utilizados en los campos de la est\u00e9tica m\u00e9dica, la ortopedia, la odontolog\u00eda, la cirug\u00eda pl\u00e1stica, la oftalmolog\u00eda, etc., brindando tratamientos m\u00e1s seguros y efectivos para los pacientes. Contamos con 78 certificados de productos y certificaciones de productos a nivel global, CE, FDA, NMPA y MDSAP, que demuestran nuestro compromiso con la calidad y la seguridad.<\/p>\t\t\t\t\t\t\t\t<\/div>\n\t\t\t\t<\/div>\n\t\t\t\t\t<\/div>\n\t\t<\/div>\n\t\t\t\t<div class=\"elementor-column elementor-col-50 elementor-top-column elementor-element elementor-element-1125cfb elementor-hidden-tablet elementor-hidden-mobile\" data-id=\"1125cfb\" data-element_type=\"column\" data-e-type=\"column\">\n\t\t\t<div class=\"elementor-widget-wrap\">\n\t\t\t\t\t\t\t<\/div>\n\t\t<\/div>\n\t\t\t\t\t<\/div>\n\t\t<\/section>\n\t\t\t\t<section class=\"elementor-section elementor-top-section elementor-element elementor-element-0f279e6 elementor-section-height-min-height elementor-section-boxed elementor-section-height-default elementor-section-items-middle\" data-id=\"0f279e6\" data-element_type=\"section\" data-e-type=\"section\" data-settings=\"{&quot;background_background&quot;:&quot;classic&quot;,&quot;background_motion_fx_motion_fx_mouse&quot;:&quot;yes&quot;}\">\n\t\t\t\t\t\t\t<div class=\"elementor-background-overlay\"><\/div>\n\t\t\t\t\t\t\t<div class=\"elementor-container elementor-column-gap-wide\">\n\t\t\t\t\t<div class=\"elementor-column elementor-col-50 elementor-top-column elementor-element elementor-element-954154b\" data-id=\"954154b\" data-element_type=\"column\" data-e-type=\"column\">\n\t\t\t<div class=\"elementor-widget-wrap elementor-element-populated\">\n\t\t\t\t\t\t<div class=\"elementor-element elementor-element-69daafe elementor-widget elementor-widget-heading\" data-id=\"69daafe\" data-element_type=\"widget\" data-e-type=\"widget\" data-widget_type=\"heading.default\">\n\t\t\t\t<div class=\"elementor-widget-container\">\n\t\t\t\t\t<h1 class=\"elementor-heading-title elementor-size-default\">La Tecnolog\u00eda Exclusiva ECHA\u2122 de Equilibrio de Entrecruzamiento de \u00c1cido Hialur\u00f3nico<\/h1>\t\t\t\t<\/div>\n\t\t\t\t<\/div>\n\t\t\t\t<div class=\"elementor-element elementor-element-ea72262 elementor-widget elementor-widget-text-editor\" data-id=\"ea72262\" data-element_type=\"widget\" data-e-type=\"widget\" data-widget_type=\"text-editor.default\">\n\t\t\t\t<div class=\"elementor-widget-container\">\n\t\t\t\t\t\t\t\t\t<p>Los productos de inyecci\u00f3n de \u00e1cido hialur\u00f3nico cuentan con una exclusiva tecnolog\u00eda de entrecruzamiento de equilibrio, utilizando el agente de entrecruzamiento BDDE con bajo residuo, lo que los hace m\u00e1s seguros y confiables. Los productos de inyecci\u00f3n de \u00e1cido hialur\u00f3nico pueden utilizarse en ortopedia, est\u00e9tica m\u00e9dica, oftalmolog\u00eda y otros campos m\u00e9dicos, con un amplio abanico de perspectivas de aplicaci\u00f3n. Por lo tanto, la selecci\u00f3n de productos de inyecci\u00f3n de \u00e1cido hialur\u00f3nico puede proporcionar un apoyo completo de productos para instituciones m\u00e9dicas, brindando un tratamiento m\u00e1s preciso, seguro y efectivo para m\u00e1s pacientes.<\/p>\t\t\t\t\t\t\t\t<\/div>\n\t\t\t\t<\/div>\n\t\t\t\t\t<\/div>\n\t\t<\/div>\n\t\t\t\t<div class=\"elementor-column elementor-col-50 elementor-top-column elementor-element elementor-element-ffd8cef elementor-hidden-tablet elementor-hidden-mobile\" data-id=\"ffd8cef\" data-element_type=\"column\" data-e-type=\"column\">\n\t\t\t<div class=\"elementor-widget-wrap\">\n\t\t\t\t\t\t\t<\/div>\n\t\t<\/div>\n\t\t\t\t\t<\/div>\n\t\t<\/section>\n\t\t\t\t<section class=\"elementor-section elementor-top-section elementor-element elementor-element-07b9244 elementor-section-height-min-height elementor-section-boxed elementor-section-height-default elementor-section-items-middle\" data-id=\"07b9244\" data-element_type=\"section\" data-e-type=\"section\" data-settings=\"{&quot;background_background&quot;:&quot;classic&quot;,&quot;background_motion_fx_motion_fx_mouse&quot;:&quot;yes&quot;}\">\n\t\t\t\t\t\t\t<div class=\"elementor-background-overlay\"><\/div>\n\t\t\t\t\t\t\t<div class=\"elementor-container elementor-column-gap-wide\">\n\t\t\t\t\t<div class=\"elementor-column elementor-col-50 elementor-top-column elementor-element elementor-element-6d97e48\" data-id=\"6d97e48\" data-element_type=\"column\" data-e-type=\"column\">\n\t\t\t<div class=\"elementor-widget-wrap elementor-element-populated\">\n\t\t\t\t\t\t<div class=\"elementor-element elementor-element-430a165 elementor-widget elementor-widget-heading\" data-id=\"430a165\" data-element_type=\"widget\" data-e-type=\"widget\" data-widget_type=\"heading.default\">\n\t\t\t\t<div class=\"elementor-widget-container\">\n\t\t\t\t\t<h1 class=\"elementor-heading-title elementor-size-default\">Tecnolog\u00eda Patentada de Purificaci\u00f3n de Col\u00e1geno<\/h1>\t\t\t\t<\/div>\n\t\t\t\t<\/div>\n\t\t\t\t<div class=\"elementor-element elementor-element-03f8b85 elementor-widget elementor-widget-text-editor\" data-id=\"03f8b85\" data-element_type=\"widget\" data-e-type=\"widget\" data-widget_type=\"text-editor.default\">\n\t\t\t\t<div class=\"elementor-widget-container\">\n\t\t\t\t\t\t\t\t\t<p data-sider-select-id=\"d43a83c1-347d-4a54-a622-7d27045b35aa\">Nuestros productos de col\u00e1geno se basan en una estructura porosa que conserva la triple h\u00e9lice, con una alta imitaci\u00f3n, lo que puede guiar r\u00e1pidamente la migraci\u00f3n celular y contribuir a la regeneraci\u00f3n del tejido blando. El col\u00e1geno tiene una alta resistencia al retener las fibras primarias a trav\u00e9s de nuestro proceso patentado. Se utiliza en muchos campos como odontolog\u00eda, cirug\u00eda y ortopedia para acelerar el proceso de cicatrizaci\u00f3n de heridas. Brinda un mejor tratamiento a los pacientes.<\/p>\t\t\t\t\t\t\t\t<\/div>\n\t\t\t\t<\/div>\n\t\t\t\t\t<\/div>\n\t\t<\/div>\n\t\t\t\t<div class=\"elementor-column elementor-col-50 elementor-top-column elementor-element elementor-element-fe177b7 elementor-hidden-tablet elementor-hidden-mobile\" data-id=\"fe177b7\" data-element_type=\"column\" data-e-type=\"column\">\n\t\t\t<div class=\"elementor-widget-wrap\">\n\t\t\t\t\t\t\t<\/div>\n\t\t<\/div>\n\t\t\t\t\t<\/div>\n\t\t<\/section>\n\t\t\t\t<section class=\"elementor-section elementor-top-section elementor-element elementor-element-cb81061 elementor-section-height-min-height elementor-section-boxed elementor-section-height-default elementor-section-items-middle\" data-id=\"cb81061\" data-element_type=\"section\" data-e-type=\"section\" data-settings=\"{&quot;background_background&quot;:&quot;classic&quot;,&quot;background_motion_fx_motion_fx_mouse&quot;:&quot;yes&quot;}\">\n\t\t\t\t\t\t\t<div class=\"elementor-background-overlay\"><\/div>\n\t\t\t\t\t\t\t<div class=\"elementor-container elementor-column-gap-wide\">\n\t\t\t\t\t<div class=\"elementor-column elementor-col-50 elementor-top-column elementor-element elementor-element-6ebb5e7\" data-id=\"6ebb5e7\" data-element_type=\"column\" data-e-type=\"column\">\n\t\t\t<div class=\"elementor-widget-wrap elementor-element-populated\">\n\t\t\t\t\t\t<div class=\"elementor-element elementor-element-d246a6e elementor-widget elementor-widget-heading\" data-id=\"d246a6e\" data-element_type=\"widget\" data-e-type=\"widget\" data-widget_type=\"heading.default\">\n\t\t\t\t<div class=\"elementor-widget-container\">\n\t\t\t\t\t<h1 class=\"elementor-heading-title elementor-size-default\">Liderando la Innovaci\u00f3n con un Potente Equipo de I+D<\/h1>\t\t\t\t<\/div>\n\t\t\t\t<\/div>\n\t\t\t\t<div class=\"elementor-element elementor-element-78e2358 elementor-widget elementor-widget-text-editor\" data-id=\"78e2358\" data-element_type=\"widget\" data-e-type=\"widget\" data-widget_type=\"text-editor.default\">\n\t\t\t\t<div class=\"elementor-widget-container\">\n\t\t\t\t\t\t\t\t\t<p>Contamos con un destacado equipo de I+D centrado principalmente en la innovaci\u00f3n y la experiencia. Con un 86% del equipo de I+D con t\u00edtulos de maestr\u00eda, est\u00e1n comprometidos en desarrollar productos m\u00e1s eficientes, seguros e innovadores para satisfacer las cambiantes necesidades de nuestros clientes. Creemos que a trav\u00e9s de una inversi\u00f3n continua y el desarrollo del talento en I+D, podemos proporcionar a nuestros clientes los productos y servicios m\u00e1s avanzados.<\/p>\t\t\t\t\t\t\t\t<\/div>\n\t\t\t\t<\/div>\n\t\t\t\t\t<\/div>\n\t\t<\/div>\n\t\t\t\t<div class=\"elementor-column elementor-col-50 elementor-top-column elementor-element elementor-element-183a356 elementor-hidden-tablet elementor-hidden-mobile\" data-id=\"183a356\" data-element_type=\"column\" data-e-type=\"column\">\n\t\t\t<div class=\"elementor-widget-wrap\">\n\t\t\t\t\t\t\t<\/div>\n\t\t<\/div>\n\t\t\t\t\t<\/div>\n\t\t<\/section>\n\t\t\t\t<section class=\"elementor-section elementor-top-section elementor-element elementor-element-4f1b156 elementor-section-boxed elementor-section-height-default elementor-section-height-default\" data-id=\"4f1b156\" data-element_type=\"section\" data-e-type=\"section\" data-settings=\"{&quot;background_background&quot;:&quot;classic&quot;}\">\n\t\t\t\t\t\t<div class=\"elementor-container elementor-column-gap-default\">\n\t\t\t\t\t<div class=\"elementor-column elementor-col-50 elementor-top-column elementor-element elementor-element-bde1808\" data-id=\"bde1808\" data-element_type=\"column\" data-e-type=\"column\">\n\t\t\t<div class=\"elementor-widget-wrap elementor-element-populated\">\n\t\t\t\t\t\t<div class=\"elementor-element elementor-element-507f734 elementor-widget elementor-widget-heading\" data-id=\"507f734\" data-element_type=\"widget\" data-e-type=\"widget\" data-widget_type=\"heading.default\">\n\t\t\t\t<div class=\"elementor-widget-container\">\n\t\t\t\t\t<h2 class=\"elementor-heading-title elementor-size-default\">Bienvenidos socios distribuidores<\/h2>\t\t\t\t<\/div>\n\t\t\t\t<\/div>\n\t\t\t\t<div class=\"elementor-element elementor-element-e2879a1 elementor-widget elementor-widget-text-editor\" data-id=\"e2879a1\" data-element_type=\"widget\" data-e-type=\"widget\" data-widget_type=\"text-editor.default\">\n\t\t\t\t<div class=\"elementor-widget-container\">\n\t\t\t\t\t\t\t\t\t<p>MBI Marca Propia | OEM | ODM<\/p>\t\t\t\t\t\t\t\t<\/div>\n\t\t\t\t<\/div>\n\t\t\t\t<div class=\"elementor-element elementor-element-99e6c45 elementor-widget elementor-widget-button\" data-id=\"99e6c45\" data-element_type=\"widget\" data-e-type=\"widget\" data-widget_type=\"button.default\">\n\t\t\t\t<div class=\"elementor-widget-container\">\n\t\t\t\t\t\t\t\t\t<div class=\"elementor-button-wrapper\">\n\t\t\t\t\t<a class=\"elementor-button elementor-button-link elementor-size-sm elementor-animation-shrink\" href=\"\/en\/contact-us\">\n\t\t\t\t\t\t<span class=\"elementor-button-content-wrapper\">\n\t\t\t\t\t\t\t\t\t<span class=\"elementor-button-text\">Cont\u00e1ctenos<\/span>\n\t\t\t\t\t<\/span>\n\t\t\t\t\t<\/a>\n\t\t\t\t<\/div>\n\t\t\t\t\t\t\t\t<\/div>\n\t\t\t\t<\/div>\n\t\t\t\t\t<\/div>\n\t\t<\/div>\n\t\t\t\t<div class=\"elementor-column elementor-col-50 elementor-top-column elementor-element elementor-element-a8b1a7a\" data-id=\"a8b1a7a\" data-element_type=\"column\" data-e-type=\"column\">\n\t\t\t<div class=\"elementor-widget-wrap\">\n\t\t\t\t\t\t\t<\/div>\n\t\t<\/div>\n\t\t\t\t\t<\/div>\n\t\t<\/section>\n\t\t\t\t<\/div>\n\t\t","protected":false},"excerpt":{"rendered":"<p>Innovando en Col\u00e1geno y \u00c1cido Hialur\u00f3nico desde 1998 MBI se ha dedicado al desarrollo y aplicaci\u00f3n de col\u00e1geno y \u00e1cido hialur\u00f3nico para mejorar la calidad de vida de los consumidores. Hemos logrado grandes avances en el desarrollo de materiales. Nuestros productos son ampliamente utilizados en los campos de la est\u00e9tica m\u00e9dica, la ortopedia, la odontolog\u00eda, [&hellip;]<\/p>\n","protected":false},"author":4,"featured_media":0,"parent":0,"menu_order":0,"comment_status":"closed","ping_status":"closed","template":"","meta":{"_acf_changed":false,"footnotes":""},"class_list":["post-10250","page","type-page","status-publish","hentry"],"acf":[],"_links":{"self":[{"href":"https:\/\/mbi-bio.com\/es\/wp-json\/wp\/v2\/pages\/10250","targetHints":{"allow":["GET"]}}],"collection":[{"href":"https:\/\/mbi-bio.com\/es\/wp-json\/wp\/v2\/pages"}],"about":[{"href":"https:\/\/mbi-bio.com\/es\/wp-json\/wp\/v2\/types\/page"}],"author":[{"embeddable":true,"href":"https:\/\/mbi-bio.com\/es\/wp-json\/wp\/v2\/users\/4"}],"replies":[{"embeddable":true,"href":"https:\/\/mbi-bio.com\/es\/wp-json\/wp\/v2\/comments?post=10250"}],"version-history":[{"count":6,"href":"https:\/\/mbi-bio.com\/es\/wp-json\/wp\/v2\/pages\/10250\/revisions"}],"predecessor-version":[{"id":10265,"href":"https:\/\/mbi-bio.com\/es\/wp-json\/wp\/v2\/pages\/10250\/revisions\/10265"}],"wp:attachment":[{"href":"https:\/\/mbi-bio.com\/es\/wp-json\/wp\/v2\/media?parent=10250"}],"curies":[{"name":"wp","href":"https:\/\/api.w.org\/{rel}","templated":true}]}}