{"id":14008,"date":"2023-03-06T17:48:08","date_gmt":"2023-03-06T09:48:08","guid":{"rendered":"https:\/\/mbi-bio.com\/quality\/"},"modified":"2024-10-15T10:43:57","modified_gmt":"2024-10-15T02:43:57","slug":"quality","status":"publish","type":"page","link":"https:\/\/mbi-bio.com\/fr\/quality\/","title":{"rendered":"Syst\u00e8me de Qualit\u00e9"},"content":{"rendered":"\t\t<div data-elementor-type=\"wp-page\" data-elementor-id=\"14008\" class=\"elementor elementor-14008 elementor-2033\" data-elementor-post-type=\"page\">\n\t\t\t\t\t\t<section class=\"elementor-section elementor-top-section elementor-element elementor-element-f678062 elementor-section-full_width elementor-section-height-default elementor-section-height-default\" data-id=\"f678062\" data-element_type=\"section\" data-e-type=\"section\">\n\t\t\t\t\t\t<div class=\"elementor-container elementor-column-gap-no\">\n\t\t\t\t\t<div class=\"elementor-column elementor-col-100 elementor-top-column elementor-element elementor-element-f3f102c\" data-id=\"f3f102c\" data-element_type=\"column\" data-e-type=\"column\">\n\t\t\t<div class=\"elementor-widget-wrap elementor-element-populated\">\n\t\t\t\t\t\t<div class=\"elementor-element elementor-element-7ef410d elementor-widget elementor-widget-ucaddon_qualitysystem_kv\" data-id=\"7ef410d\" data-element_type=\"widget\" data-e-type=\"widget\" data-widget_type=\"ucaddon_qualitysystem_kv.default\">\n\t\t\t\t<div class=\"elementor-widget-container\">\n\t\t\t\t\t\n<!-- start QualitySystem_kv -->\n<style>\/* widget: QualitySystem_kv *\/\n\n\/* CSS: \/wp-admin\/post.php?post=2029&action=edit *\/\n\n<\/style>\n\n<div class=\"quality_system_bn\">\n  <picture class=\"quality_system_bn_img\">\n    <source srcset=\"https:\/\/mbi-bio.com\/wp-content\/uploads\/quality_system_bn.jpg\" media=\"(min-width: 850px)\" \/>\n    <img decoding=\"async\" class=\"img\" src=\"https:\/\/mbi-bio.com\/wp-content\/uploads\/quality_system_bn.jpg\" alt=\"quality_system_bn\" \/>\n  <\/picture>\n  <div class=\"quality_system_bn_content_box flex\">\n    <div class=\"quality_system_bn_content\">\n      <h1 class=\"h1\">Syst\u00e8me de Qualit\u00e9<\/h1>\n      <p class=\"p\">Le syst\u00e8me de qualit\u00e9 des \u00e9quipements m\u00e9dicaux de MBI Biotech comprend la conception et le d\u00e9veloppement des produits, la gestion des mati\u00e8res premi\u00e8res, la fabrication, le contr\u00f4le de la qualit\u00e9, la gestion des entrep\u00f4ts, la vente de produits, le service client et d&#039;autres processus.<\/p>\n    <\/div>\n  <\/div>\n<\/div>\n<!-- end QualitySystem_kv -->\t\t\t\t<\/div>\n\t\t\t\t<\/div>\n\t\t\t\t<div class=\"elementor-element elementor-element-d361d5e elementor-widget elementor-widget-image\" data-id=\"d361d5e\" data-element_type=\"widget\" data-e-type=\"widget\" data-widget_type=\"image.default\">\n\t\t\t\t<div class=\"elementor-widget-container\">\n\t\t\t\t\t\t\t\t\t\t\t\t\t\t\t<img fetchpriority=\"high\" decoding=\"async\" width=\"1920\" height=\"1080\" src=\"https:\/\/mbi-bio.com\/wp-content\/uploads\/QualitySystemPic.jpg\" class=\"attachment-full size-full wp-image-886\" alt=\"\" srcset=\"https:\/\/mbi-bio.com\/wp-content\/uploads\/QualitySystemPic.jpg 1920w, https:\/\/mbi-bio.com\/wp-content\/uploads\/QualitySystemPic-300x169.jpg 300w, https:\/\/mbi-bio.com\/wp-content\/uploads\/QualitySystemPic-1024x576.jpg 1024w, https:\/\/mbi-bio.com\/wp-content\/uploads\/QualitySystemPic-150x84.jpg 150w, https:\/\/mbi-bio.com\/wp-content\/uploads\/QualitySystemPic-768x432.jpg 768w, https:\/\/mbi-bio.com\/wp-content\/uploads\/QualitySystemPic-1536x864.jpg 1536w\" sizes=\"(max-width: 1920px) 100vw, 1920px\" \/>\t\t\t\t\t\t\t\t\t\t\t\t\t\t\t<\/div>\n\t\t\t\t<\/div>\n\t\t\t\t<div class=\"elementor-element elementor-element-1ee85ec elementor-widget elementor-widget-ucaddon_qualitysystem_slider\" data-id=\"1ee85ec\" data-element_type=\"widget\" data-e-type=\"widget\" data-widget_type=\"ucaddon_qualitysystem_slider.default\">\n\t\t\t\t<div class=\"elementor-widget-container\">\n\t\t\t\t\t\n<!-- start QualitySystem_slider -->\n<style>\/* widget: QualitySystem_slider *\/\n\n\/* CSS: \/wp-admin\/post.php?post=2029&action=edit *\/\n\n<\/style>\n\n<div class=\"block_space\">\n  <div class=\"medical_equipment_wrap\">\n    <div class=\"container\">\n      <h3 class=\"h3\">Sp\u00e9cifications du fabricant d'\u00e9quipements m\u00e9dicaux<\/h3>\n    <\/div>\n    <div class=\"swiper medical_equipment\">\n      <div class=\"swiper-wrapper\">\n        <div class=\"swiper-slide medical_equipment_content\">\n  <div class=\"content_box\">\n    <div class=\"main_img_box\">\n      <div class=\"main_img\">\n        <img decoding=\"async\" class=\"img\" src=\"https:\/\/mbi-bio.com\/wp-content\/uploads\/medical_1.jpg\" alt=\"medical_1\" \/>\n      <\/div>\n    <\/div>\n    <div class=\"text_wrap\">\n      <h4 class=\"h4\">Niveau de la salle blanche<\/h4>\n      <ul>\n<li>Zone propre de classe 100 000<\/li>\n<li>Zone propre de classe 10 000<\/li>\n<li>Zone de remplissage aseptique<\/li>\n<\/ul>\n    <\/div>\n  <\/div>\n<\/div>\n<div class=\"swiper-slide medical_equipment_content\">\n  <div class=\"content_box\">\n    <div class=\"main_img_box\">\n      <div class=\"main_img\">\n        <img decoding=\"async\" class=\"img\" src=\"https:\/\/mbi-bio.com\/wp-content\/uploads\/medical_2.jpg\" alt=\"medical_2\" \/>\n      <\/div>\n    <\/div>\n    <div class=\"text_wrap\">\n      <h4 class=\"h4\">\u00c9quipements de production<\/h4>\n      <ul class=\"ul\">\n<li class=\"li\">Homog\u00e9n\u00e9isateur haute pression<\/li>\n<li class=\"li\">Lyophilisateur<\/li>\n<li class=\"li\">Remplisseuse automatique<\/li>\n<li class=\"li\">Four \u00e0 haute temp\u00e9rature<\/li>\n<li class=\"li\">Thermoformeuse automatique<\/li>\n<li class=\"li\">Machine de formage de cartons<\/li>\n<li class=\"li\">Machine de mise en bo\u00eete automatique<\/li>\n<\/ul>\n    <\/div>\n  <\/div>\n<\/div>\n<div class=\"swiper-slide medical_equipment_content\">\n  <div class=\"content_box\">\n    <div class=\"main_img_box\">\n      <div class=\"main_img\">\n        <img decoding=\"async\" class=\"img\" src=\"https:\/\/mbi-bio.com\/wp-content\/uploads\/medical_3.jpg\" alt=\"medical_3\" \/>\n      <\/div>\n    <\/div>\n    <div class=\"text_wrap\">\n      <h4 class=\"h4\">Instruments d'analyse<\/h4>\n      <ul class=\"ul\">\n<li class=\"li\">Analyseur immuno-enzymatique (ELISA)<\/li>\n<li class=\"li\">Calorim\u00e9trie diff\u00e9rentielle \u00e0 balayage (DSC)<\/li>\n<li class=\"li\">Analyseur thermogravim\u00e9trique (TGA)<\/li>\n<li class=\"li\">Rh\u00e9om\u00e8tre<\/li>\n<li class=\"li\">Analyseur de taille de particules<\/li>\n<li class=\"li\">Chromatographie liquide haute performance (HPLC)<\/li>\n<li class=\"li\">Machine d'essai des mat\u00e9riaux<\/li>\n<li class=\"li\">Spectrophotom\u00e8tre<\/li>\n<li class=\"li\">Viscosim\u00e8tre capillaire automatique<\/li>\n<\/ul>\n    <\/div>\n  <\/div>\n<\/div>\n<div class=\"swiper-slide medical_equipment_content\">\n  <div class=\"content_box\">\n    <div class=\"main_img_box\">\n      <div class=\"main_img\">\n        <img decoding=\"async\" class=\"img\" src=\"https:\/\/mbi-bio.com\/wp-content\/uploads\/medical_4.jpg\" alt=\"medical_4\" \/>\n      <\/div>\n    <\/div>\n    <div class=\"text_wrap\">\n      <h4 class=\"h4\">Capacit\u00e9 de production<\/h4>\n      <ul class=\"ul\">\n<li class=\"li\">Collag\u00e8ne purifi\u00e9<\/li>\n<li class=\"li\">Injection d'acide hyaluronique<\/li>\n<li class=\"li\">Bioc\u00e9ramiques<\/li>\n<\/ul>\n    <\/div>\n  <\/div>\n<\/div>\n\n      <\/div>\n      <div class=\"swiper-pagination\"><\/div>\n    <\/div>\n  <\/div>\n<\/div>\n<!-- end QualitySystem_slider -->\t\t\t\t<\/div>\n\t\t\t\t<\/div>\n\t\t\t\t<div class=\"elementor-element elementor-element-fbdbdbd elementor-widget elementor-widget-heading\" data-id=\"fbdbdbd\" data-element_type=\"widget\" data-e-type=\"widget\" data-widget_type=\"heading.default\">\n\t\t\t\t<div class=\"elementor-widget-container\">\n\t\t\t\t\t<h2 class=\"elementor-heading-title elementor-size-default\">Syst\u00e8me de Qualit\u00e9 Complet<\/h2>\t\t\t\t<\/div>\n\t\t\t\t<\/div>\n\t\t\t\t<div class=\"elementor-element elementor-element-9ca7992 elementor-widget elementor-widget-image\" data-id=\"9ca7992\" data-element_type=\"widget\" data-e-type=\"widget\" data-widget_type=\"image.default\">\n\t\t\t\t<div class=\"elementor-widget-container\">\n\t\t\t\t\t\t\t\t\t\t\t\t\t\t\t<img decoding=\"async\" width=\"1920\" height=\"1080\" src=\"https:\/\/mbi-bio.com\/wp-content\/uploads\/qualitysystem_2.jpg\" class=\"attachment-full size-full wp-image-883\" alt=\"\" srcset=\"https:\/\/mbi-bio.com\/wp-content\/uploads\/qualitysystem_2.jpg 1920w, https:\/\/mbi-bio.com\/wp-content\/uploads\/qualitysystem_2-300x169.jpg 300w, https:\/\/mbi-bio.com\/wp-content\/uploads\/qualitysystem_2-1024x576.jpg 1024w, https:\/\/mbi-bio.com\/wp-content\/uploads\/qualitysystem_2-150x84.jpg 150w, https:\/\/mbi-bio.com\/wp-content\/uploads\/qualitysystem_2-768x432.jpg 768w, https:\/\/mbi-bio.com\/wp-content\/uploads\/qualitysystem_2-1536x864.jpg 1536w\" sizes=\"(max-width: 1920px) 100vw, 1920px\" \/>\t\t\t\t\t\t\t\t\t\t\t\t\t\t\t<\/div>\n\t\t\t\t<\/div>\n\t\t\t\t\t<\/div>\n\t\t<\/div>\n\t\t\t\t\t<\/div>\n\t\t<\/section>\n\t\t\t\t<\/div>\n\t\t","protected":false},"excerpt":{"rendered":"<p>Syst\u00e8me de Qualit\u00e9 Le syst\u00e8me de qualit\u00e9 des \u00e9quipements m\u00e9dicaux de MBI Biotech comprend la conception et le d\u00e9veloppement des produits, la gestion des mati\u00e8res premi\u00e8res, la fabrication, le contr\u00f4le de la qualit\u00e9, la gestion des entrep\u00f4ts, la vente de produits, le service client et d&rsquo;autres processus. Sp\u00e9cifications du fabricant d&rsquo;\u00e9quipements m\u00e9dicaux Niveau de la [&hellip;]<\/p>\n","protected":false},"author":1,"featured_media":0,"parent":0,"menu_order":0,"comment_status":"closed","ping_status":"closed","template":"","meta":{"_acf_changed":false,"footnotes":""},"class_list":["post-14008","page","type-page","status-publish","hentry"],"acf":[],"_links":{"self":[{"href":"https:\/\/mbi-bio.com\/fr\/wp-json\/wp\/v2\/pages\/14008","targetHints":{"allow":["GET"]}}],"collection":[{"href":"https:\/\/mbi-bio.com\/fr\/wp-json\/wp\/v2\/pages"}],"about":[{"href":"https:\/\/mbi-bio.com\/fr\/wp-json\/wp\/v2\/types\/page"}],"author":[{"embeddable":true,"href":"https:\/\/mbi-bio.com\/fr\/wp-json\/wp\/v2\/users\/1"}],"replies":[{"embeddable":true,"href":"https:\/\/mbi-bio.com\/fr\/wp-json\/wp\/v2\/comments?post=14008"}],"version-history":[{"count":5,"href":"https:\/\/mbi-bio.com\/fr\/wp-json\/wp\/v2\/pages\/14008\/revisions"}],"predecessor-version":[{"id":14014,"href":"https:\/\/mbi-bio.com\/fr\/wp-json\/wp\/v2\/pages\/14008\/revisions\/14014"}],"wp:attachment":[{"href":"https:\/\/mbi-bio.com\/fr\/wp-json\/wp\/v2\/media?parent=14008"}],"curies":[{"name":"wp","href":"https:\/\/api.w.org\/{rel}","templated":true}]}}