{"id":14015,"date":"2023-03-30T10:36:25","date_gmt":"2023-03-30T02:36:25","guid":{"rendered":"https:\/\/mbi-bio.com\/our-global-business\/"},"modified":"2024-10-15T14:15:22","modified_gmt":"2024-10-15T06:15:22","slug":"our-global-business","status":"publish","type":"page","link":"https:\/\/mbi-bio.com\/fr\/our-global-business\/","title":{"rendered":"Notre Entreprise Globale"},"content":{"rendered":"\t\t<div data-elementor-type=\"wp-page\" data-elementor-id=\"14015\" class=\"elementor elementor-14015 elementor-4359\" data-elementor-post-type=\"page\">\n\t\t\t\t\t\t<section class=\"elementor-section elementor-top-section elementor-element elementor-element-ef16106 elementor-section-height-min-height elementor-section-boxed elementor-section-height-default elementor-section-items-middle\" data-id=\"ef16106\" data-element_type=\"section\" data-e-type=\"section\" data-settings=\"{&quot;background_background&quot;:&quot;classic&quot;,&quot;background_motion_fx_motion_fx_mouse&quot;:&quot;yes&quot;}\">\n\t\t\t\t\t\t\t<div class=\"elementor-background-overlay\"><\/div>\n\t\t\t\t\t\t\t<div class=\"elementor-container elementor-column-gap-wide\">\n\t\t\t\t\t<div class=\"elementor-column elementor-col-50 elementor-top-column elementor-element elementor-element-ee00dbd\" data-id=\"ee00dbd\" data-element_type=\"column\" data-e-type=\"column\" data-settings=\"{&quot;background_background&quot;:&quot;classic&quot;}\">\n\t\t\t<div class=\"elementor-widget-wrap elementor-element-populated\">\n\t\t\t\t\t\t<div class=\"elementor-element elementor-element-ffed17f elementor-widget elementor-widget-heading\" data-id=\"ffed17f\" data-element_type=\"widget\" data-e-type=\"widget\" data-widget_type=\"heading.default\">\n\t\t\t\t<div class=\"elementor-widget-container\">\n\t\t\t\t\t<h1 class=\"elementor-heading-title elementor-size-default\">Puissance de Vente Mondiale<\/h1>\t\t\t\t<\/div>\n\t\t\t\t<\/div>\n\t\t\t\t<div class=\"elementor-element elementor-element-34d7f44 elementor-widget elementor-widget-text-editor\" data-id=\"34d7f44\" data-element_type=\"widget\" data-e-type=\"widget\" data-widget_type=\"text-editor.default\">\n\t\t\t\t<div class=\"elementor-widget-container\">\n\t\t\t\t\t\t\t\t\t<p><span style=\"color: #ffffff;\">Que vous soyez une institution m\u00e9dicale, une entreprise de sant\u00e9 ou un consommateur individuel, nos produits et services peuvent r\u00e9pondre \u00e0 vos besoins. Avec des ann\u00e9es d&rsquo;exp\u00e9rience en recherche et d\u00e9veloppement et une excellente qualit\u00e9 de produits, nous avons \u00e9tabli un vaste r\u00e9seau de vente dans 22 pays et sommes dignes de confiance pour plus de 500 organisations et plus de 4,1 milliards de personnes.<\/span><\/p>\t\t\t\t\t\t\t\t<\/div>\n\t\t\t\t<\/div>\n\t\t\t\t\t<\/div>\n\t\t<\/div>\n\t\t\t\t<div class=\"elementor-column elementor-col-50 elementor-top-column elementor-element elementor-element-4a80dd0 elementor-hidden-tablet elementor-hidden-mobile\" data-id=\"4a80dd0\" data-element_type=\"column\" data-e-type=\"column\">\n\t\t\t<div class=\"elementor-widget-wrap\">\n\t\t\t\t\t\t\t<\/div>\n\t\t<\/div>\n\t\t\t\t\t<\/div>\n\t\t<\/section>\n\t\t\t\t<section class=\"elementor-section elementor-top-section elementor-element elementor-element-ec166aa elementor-section-height-min-height elementor-section-boxed elementor-section-height-default elementor-section-items-middle\" data-id=\"ec166aa\" data-element_type=\"section\" data-e-type=\"section\" data-settings=\"{&quot;background_background&quot;:&quot;classic&quot;,&quot;background_motion_fx_motion_fx_mouse&quot;:&quot;yes&quot;}\">\n\t\t\t\t\t\t\t<div class=\"elementor-background-overlay\"><\/div>\n\t\t\t\t\t\t\t<div class=\"elementor-container elementor-column-gap-wide\">\n\t\t\t\t\t<div class=\"elementor-column elementor-col-50 elementor-top-column elementor-element elementor-element-303dd14\" data-id=\"303dd14\" data-element_type=\"column\" data-e-type=\"column\" data-settings=\"{&quot;background_background&quot;:&quot;classic&quot;}\">\n\t\t\t<div class=\"elementor-widget-wrap elementor-element-populated\">\n\t\t\t\t\t\t<div class=\"elementor-element elementor-element-e639dc7 elementor-widget elementor-widget-heading\" data-id=\"e639dc7\" data-element_type=\"widget\" data-e-type=\"widget\" data-widget_type=\"heading.default\">\n\t\t\t\t<div class=\"elementor-widget-container\">\n\t\t\t\t\t<h1 class=\"elementor-heading-title elementor-size-default\">Notre Entreprise Globale<\/h1>\t\t\t\t<\/div>\n\t\t\t\t<\/div>\n\t\t\t\t<div class=\"elementor-element elementor-element-e5fd0c6 elementor-widget elementor-widget-text-editor\" data-id=\"e5fd0c6\" data-element_type=\"widget\" data-e-type=\"widget\" data-widget_type=\"text-editor.default\">\n\t\t\t\t<div class=\"elementor-widget-container\">\n\t\t\t\t\t\t\t\t\t<p><span style=\"color: #ffffff;\">Une strat\u00e9gie marketing efficace est la cl\u00e9 du succ\u00e8s dans le march\u00e9 comp\u00e9titif d\u2019aujourd\u2019hui. MBI propose des solutions marketing compl\u00e8tes pour aider ses clients \u00e0 se d\u00e9marquer sur le march\u00e9. Notre gamme de produits comprend plusieurs cat\u00e9gories, prenant soin de toutes les parties du corps humain, afin que les clients puissent choisir les produits les plus adapt\u00e9s \u00e0 leurs besoins.<\/span><\/p>\n<p>\u00a0<\/p>\n<p><span style=\"color: #ffffff;\">En plus des avantages de nos gammes de produits, nous offrons \u00e9galement des dispositifs m\u00e9dicaux et des produits de soins de sant\u00e9 qui peuvent \u00eatre propos\u00e9s en vente conjointe, permettant \u00e0 nos clients de mieux r\u00e9pondre aux demandes du march\u00e9. De la R&amp;D \u00e0 la certification, nous sommes en mesure de fournir des produits m\u00e9dicaux personnalis\u00e9s pour r\u00e9pondre aux besoins de nos clients. De plus, nous pouvons collaborer avec des KOL (leaders d&rsquo;opinion cl\u00e9s) pour des campagnes marketing et organiser des s\u00e9minaires pour donner plus de visibilit\u00e9 et de reconnaissance aux produits de nos clients.<\/span><\/p>\t\t\t\t\t\t\t\t<\/div>\n\t\t\t\t<\/div>\n\t\t\t\t\t<\/div>\n\t\t<\/div>\n\t\t\t\t<div class=\"elementor-column elementor-col-50 elementor-top-column elementor-element elementor-element-ce09a19 elementor-hidden-tablet elementor-hidden-mobile\" data-id=\"ce09a19\" data-element_type=\"column\" data-e-type=\"column\">\n\t\t\t<div class=\"elementor-widget-wrap\">\n\t\t\t\t\t\t\t<\/div>\n\t\t<\/div>\n\t\t\t\t\t<\/div>\n\t\t<\/section>\n\t\t\t\t<section class=\"elementor-section elementor-top-section elementor-element elementor-element-195a169 elementor-section-boxed elementor-section-height-default elementor-section-height-default\" data-id=\"195a169\" data-element_type=\"section\" data-e-type=\"section\">\n\t\t\t\t\t\t<div class=\"elementor-container elementor-column-gap-default\">\n\t\t\t\t\t<div class=\"elementor-column elementor-col-100 elementor-top-column elementor-element elementor-element-512401c\" data-id=\"512401c\" data-element_type=\"column\" data-e-type=\"column\">\n\t\t\t<div class=\"elementor-widget-wrap elementor-element-populated\">\n\t\t\t\t\t\t<div class=\"elementor-element elementor-element-4a32800 elementor-widget elementor-widget-heading\" data-id=\"4a32800\" data-element_type=\"widget\" data-e-type=\"widget\" data-widget_type=\"heading.default\">\n\t\t\t\t<div class=\"elementor-widget-container\">\n\t\t\t\t\t<h2 class=\"elementor-heading-title elementor-size-default\"><h2 data-elementor-setting-key=\"title\" data-pen-placeholder=\"Type Here...\" style=\"font-size: 52px;font-weight: 500;line-height: 1.2em;color: var( --e-global-color-accent )\">  <\/h2><\/h2>\t\t\t\t<\/div>\n\t\t\t\t<\/div>\n\t\t\t\t<div class=\"elementor-element elementor-element-fec5b7c elementor-widget elementor-widget-text-editor\" data-id=\"fec5b7c\" data-element_type=\"widget\" data-e-type=\"widget\" data-widget_type=\"text-editor.default\">\n\t\t\t\t<div class=\"elementor-widget-container\">\n\t\t\t\t\t\t\t\t\t<p>\u00a0<\/p>\n<p>\u00a0<\/p>\n<p>\u00a0<\/p>\n<p>Dans ce monde de mondialisation \u00e9conomique, les solutions marketing de MBI ont une port\u00e9e internationale. Nos clients proviennent de divers domaines, notamment les industries m\u00e9dicale, esth\u00e9tique et des soins de sant\u00e9. Nous avons gagn\u00e9 la confiance et le soutien de nos clients gr\u00e2ce \u00e0 notre excellente qualit\u00e9 de produit et \u00e0 des strat\u00e9gies marketing solides.<\/p>\n<p>\u00a0<\/p>\n<p>Nous nous engageons \u00e0 fournir les meilleurs produits et services \u00e0 nos clients en suivant le principe du \u00ab client d&rsquo;abord \u00bb. Nous innovons et progressons constamment, apportant plus de valeur et de profit \u00e0 nos clients. Si vous recherchez une solution marketing compl\u00e8te, MBI est d\u00e9finitivement votre meilleur choix.<\/p>\n<p>\u00a0<\/p>\n<p>\u00a0<\/p>\t\t\t\t\t\t\t\t<\/div>\n\t\t\t\t<\/div>\n\t\t\t\t\t<\/div>\n\t\t<\/div>\n\t\t\t\t\t<\/div>\n\t\t<\/section>\n\t\t\t\t<section class=\"elementor-section elementor-top-section elementor-element elementor-element-9f6865d elementor-section-height-min-height elementor-section-boxed elementor-section-height-default elementor-section-items-middle\" data-id=\"9f6865d\" data-element_type=\"section\" data-e-type=\"section\" data-settings=\"{&quot;background_background&quot;:&quot;classic&quot;,&quot;background_motion_fx_motion_fx_mouse&quot;:&quot;yes&quot;}\">\n\t\t\t\t\t\t\t<div class=\"elementor-background-overlay\"><\/div>\n\t\t\t\t\t\t\t<div class=\"elementor-container elementor-column-gap-wide\">\n\t\t\t\t\t<div class=\"elementor-column elementor-col-50 elementor-top-column elementor-element elementor-element-a4d4fee\" data-id=\"a4d4fee\" data-element_type=\"column\" data-e-type=\"column\" data-settings=\"{&quot;background_background&quot;:&quot;classic&quot;}\">\n\t\t\t<div class=\"elementor-widget-wrap elementor-element-populated\">\n\t\t\t\t\t\t<div class=\"elementor-element elementor-element-c7d2b1f elementor-widget elementor-widget-heading\" data-id=\"c7d2b1f\" data-element_type=\"widget\" data-e-type=\"widget\" data-widget_type=\"heading.default\">\n\t\t\t\t<div class=\"elementor-widget-container\">\n\t\t\t\t\t<h1 class=\"elementor-heading-title elementor-size-default\">Partenariat avec MBI pour le Succ\u00e8s<\/h1>\t\t\t\t<\/div>\n\t\t\t\t<\/div>\n\t\t\t\t<div class=\"elementor-element elementor-element-4b42d85 elementor-widget elementor-widget-text-editor\" data-id=\"4b42d85\" data-element_type=\"widget\" data-e-type=\"widget\" data-widget_type=\"text-editor.default\">\n\t\t\t\t<div class=\"elementor-widget-container\">\n\t\t\t\t\t\t\t\t\t<p><span style=\"color: #ffffff;\">Nous disposons de 22 produits de marque priv\u00e9e, y compris des dispositifs m\u00e9dicaux dans les domaines orthop\u00e9dique, dentaire, esth\u00e9tique, chirurgical et ophtalmique, et nous offrons \u00e9galement des services ODM\/OEM\/CDMO. Gr\u00e2ce \u00e0 la coop\u00e9ration, nous pouvons cr\u00e9er ensemble une situation gagnant-gagnant. En tant qu&rsquo;expert de l&rsquo;industrie des dispositifs m\u00e9dicaux, nous disposons de solutions marketing compl\u00e8tes pour r\u00e9pondre aux besoins des diff\u00e9rents march\u00e9s en offrant une grande vari\u00e9t\u00e9 de produits selon les exigences des clients. Nous attendons avec impatience de coop\u00e9rer et de r\u00e9aliser des profits avec vous.<\/span><\/p>\t\t\t\t\t\t\t\t<\/div>\n\t\t\t\t<\/div>\n\t\t\t\t\t<\/div>\n\t\t<\/div>\n\t\t\t\t<div class=\"elementor-column elementor-col-50 elementor-top-column elementor-element elementor-element-477a999 elementor-hidden-tablet elementor-hidden-mobile\" data-id=\"477a999\" data-element_type=\"column\" data-e-type=\"column\">\n\t\t\t<div class=\"elementor-widget-wrap\">\n\t\t\t\t\t\t\t<\/div>\n\t\t<\/div>\n\t\t\t\t\t<\/div>\n\t\t<\/section>\n\t\t\t\t<section class=\"elementor-section elementor-top-section elementor-element elementor-element-3289d7c elementor-section-boxed elementor-section-height-default elementor-section-height-default\" data-id=\"3289d7c\" data-element_type=\"section\" data-e-type=\"section\" data-settings=\"{&quot;background_background&quot;:&quot;classic&quot;}\">\n\t\t\t\t\t\t<div class=\"elementor-container elementor-column-gap-default\">\n\t\t\t\t\t<div class=\"elementor-column elementor-col-50 elementor-top-column elementor-element elementor-element-1cfec70\" data-id=\"1cfec70\" data-element_type=\"column\" data-e-type=\"column\">\n\t\t\t<div class=\"elementor-widget-wrap elementor-element-populated\">\n\t\t\t\t\t\t<div class=\"elementor-element elementor-element-d28075f elementor-widget elementor-widget-heading\" data-id=\"d28075f\" data-element_type=\"widget\" data-e-type=\"widget\" data-widget_type=\"heading.default\">\n\t\t\t\t<div class=\"elementor-widget-container\">\n\t\t\t\t\t<h2 class=\"elementor-heading-title elementor-size-default\">Bienvenue aux Partenaires Distributeurs<\/h2>\t\t\t\t<\/div>\n\t\t\t\t<\/div>\n\t\t\t\t<div class=\"elementor-element elementor-element-41416f1 elementor-widget elementor-widget-text-editor\" data-id=\"41416f1\" data-element_type=\"widget\" data-e-type=\"widget\" data-widget_type=\"text-editor.default\">\n\t\t\t\t<div class=\"elementor-widget-container\">\n\t\t\t\t\t\t\t\t\t<p>Marque Propre MBI | OEM | ODM<\/p>\t\t\t\t\t\t\t\t<\/div>\n\t\t\t\t<\/div>\n\t\t\t\t<div class=\"elementor-element elementor-element-758273c elementor-widget elementor-widget-button\" data-id=\"758273c\" data-element_type=\"widget\" data-e-type=\"widget\" data-widget_type=\"button.default\">\n\t\t\t\t<div class=\"elementor-widget-container\">\n\t\t\t\t\t\t\t\t\t<div class=\"elementor-button-wrapper\">\n\t\t\t\t\t<a class=\"elementor-button elementor-button-link elementor-size-sm elementor-animation-shrink\" href=\"\/en\/contact-us\">\n\t\t\t\t\t\t<span class=\"elementor-button-content-wrapper\">\n\t\t\t\t\t\t\t\t\t<span class=\"elementor-button-text\">Contactez-nous<\/span>\n\t\t\t\t\t<\/span>\n\t\t\t\t\t<\/a>\n\t\t\t\t<\/div>\n\t\t\t\t\t\t\t\t<\/div>\n\t\t\t\t<\/div>\n\t\t\t\t\t<\/div>\n\t\t<\/div>\n\t\t\t\t<div class=\"elementor-column elementor-col-50 elementor-top-column elementor-element elementor-element-8685b96\" data-id=\"8685b96\" data-element_type=\"column\" data-e-type=\"column\">\n\t\t\t<div class=\"elementor-widget-wrap\">\n\t\t\t\t\t\t\t<\/div>\n\t\t<\/div>\n\t\t\t\t\t<\/div>\n\t\t<\/section>\n\t\t\t\t<\/div>\n\t\t","protected":false},"excerpt":{"rendered":"<p>Puissance de Vente Mondiale Que vous soyez une institution m\u00e9dicale, une entreprise de sant\u00e9 ou un consommateur individuel, nos produits et services peuvent r\u00e9pondre \u00e0 vos besoins. Avec des ann\u00e9es d&rsquo;exp\u00e9rience en recherche et d\u00e9veloppement et une excellente qualit\u00e9 de produits, nous avons \u00e9tabli un vaste r\u00e9seau de vente dans 22 pays et sommes dignes [&hellip;]<\/p>\n","protected":false},"author":4,"featured_media":0,"parent":0,"menu_order":0,"comment_status":"closed","ping_status":"closed","template":"","meta":{"_acf_changed":false,"footnotes":""},"class_list":["post-14015","page","type-page","status-publish","hentry"],"acf":[],"_links":{"self":[{"href":"https:\/\/mbi-bio.com\/fr\/wp-json\/wp\/v2\/pages\/14015","targetHints":{"allow":["GET"]}}],"collection":[{"href":"https:\/\/mbi-bio.com\/fr\/wp-json\/wp\/v2\/pages"}],"about":[{"href":"https:\/\/mbi-bio.com\/fr\/wp-json\/wp\/v2\/types\/page"}],"author":[{"embeddable":true,"href":"https:\/\/mbi-bio.com\/fr\/wp-json\/wp\/v2\/users\/4"}],"replies":[{"embeddable":true,"href":"https:\/\/mbi-bio.com\/fr\/wp-json\/wp\/v2\/comments?post=14015"}],"version-history":[{"count":5,"href":"https:\/\/mbi-bio.com\/fr\/wp-json\/wp\/v2\/pages\/14015\/revisions"}],"predecessor-version":[{"id":14026,"href":"https:\/\/mbi-bio.com\/fr\/wp-json\/wp\/v2\/pages\/14015\/revisions\/14026"}],"wp:attachment":[{"href":"https:\/\/mbi-bio.com\/fr\/wp-json\/wp\/v2\/media?parent=14015"}],"curies":[{"name":"wp","href":"https:\/\/api.w.org\/{rel}","templated":true}]}}