{"id":14027,"date":"2023-03-30T11:35:31","date_gmt":"2023-03-30T03:35:31","guid":{"rendered":"https:\/\/mbi-bio.com\/product-of-made-in-taiwan-reaching-for-the-world\/"},"modified":"2024-10-15T14:36:35","modified_gmt":"2024-10-15T06:36:35","slug":"product-of-made-in-taiwan-reaching-for-the-world","status":"publish","type":"page","link":"https:\/\/mbi-bio.com\/fr\/product-of-made-in-taiwan-reaching-for-the-world\/","title":{"rendered":"Product Of Made In Taiwan, Reaching For The World"},"content":{"rendered":"\t\t<div data-elementor-type=\"wp-page\" data-elementor-id=\"14027\" class=\"elementor elementor-14027 elementor-4762\" data-elementor-post-type=\"page\">\n\t\t\t\t\t\t<section class=\"elementor-section elementor-top-section elementor-element elementor-element-a9158ef elementor-section-height-min-height elementor-section-boxed elementor-section-height-default elementor-section-items-middle\" data-id=\"a9158ef\" data-element_type=\"section\" data-e-type=\"section\" data-settings=\"{&quot;background_background&quot;:&quot;classic&quot;,&quot;background_motion_fx_motion_fx_mouse&quot;:&quot;yes&quot;}\">\n\t\t\t\t\t\t\t<div class=\"elementor-background-overlay\"><\/div>\n\t\t\t\t\t\t\t<div class=\"elementor-container elementor-column-gap-wide\">\n\t\t\t\t\t<div class=\"elementor-column elementor-col-50 elementor-top-column elementor-element elementor-element-cbcb587\" data-id=\"cbcb587\" data-element_type=\"column\" data-e-type=\"column\" data-settings=\"{&quot;background_background&quot;:&quot;classic&quot;}\">\n\t\t\t<div class=\"elementor-widget-wrap elementor-element-populated\">\n\t\t\t\t\t\t<div class=\"elementor-element elementor-element-bbc283b elementor-widget elementor-widget-heading\" data-id=\"bbc283b\" data-element_type=\"widget\" data-e-type=\"widget\" data-widget_type=\"heading.default\">\n\t\t\t\t<div class=\"elementor-widget-container\">\n\t\t\t\t\t<h1 class=\"elementor-heading-title elementor-size-default\">Produit Fabriqu\u00e9 \u00e0 Taiwan, D\u00e9di\u00e9 au Monde<\/h1>\t\t\t\t<\/div>\n\t\t\t\t<\/div>\n\t\t\t\t<div class=\"elementor-element elementor-element-cf20d57 elementor-widget elementor-widget-text-editor\" data-id=\"cf20d57\" data-element_type=\"widget\" data-e-type=\"widget\" data-widget_type=\"text-editor.default\">\n\t\t\t\t<div class=\"elementor-widget-container\">\n\t\t\t\t\t\t\t\t\t<p><span style=\"color: #ffffff;\">Fabriqu\u00e9 \u00e0 Taiwan et destin\u00e9 au monde, notre entreprise d\u00e9clare fi\u00e8rement que tous nos produits sont fabriqu\u00e9s \u00e0 Taiwan. Afin de garantir la qualit\u00e9 et la s\u00e9curit\u00e9 de nos produits, nous insistons sur la fabrication \u00e0 Taiwan, avec des proc\u00e9dures strictes de contr\u00f4le de la qualit\u00e9 et des installations de production modernes, pour produire des dispositifs m\u00e9dicaux de haute qualit\u00e9.<\/span><\/p>\t\t\t\t\t\t\t\t<\/div>\n\t\t\t\t<\/div>\n\t\t\t\t\t<\/div>\n\t\t<\/div>\n\t\t\t\t<div class=\"elementor-column elementor-col-50 elementor-top-column elementor-element elementor-element-ca67077 elementor-hidden-tablet elementor-hidden-mobile\" data-id=\"ca67077\" data-element_type=\"column\" data-e-type=\"column\">\n\t\t\t<div class=\"elementor-widget-wrap\">\n\t\t\t\t\t\t\t<\/div>\n\t\t<\/div>\n\t\t\t\t\t<\/div>\n\t\t<\/section>\n\t\t\t\t<section class=\"elementor-section elementor-top-section elementor-element elementor-element-7e49fa1 elementor-section-height-min-height elementor-section-boxed elementor-section-height-default elementor-section-items-middle\" data-id=\"7e49fa1\" data-element_type=\"section\" data-e-type=\"section\" data-settings=\"{&quot;background_background&quot;:&quot;classic&quot;,&quot;background_motion_fx_motion_fx_mouse&quot;:&quot;yes&quot;}\">\n\t\t\t\t\t\t\t<div class=\"elementor-background-overlay\"><\/div>\n\t\t\t\t\t\t\t<div class=\"elementor-container elementor-column-gap-wide\">\n\t\t\t\t\t<div class=\"elementor-column elementor-col-50 elementor-top-column elementor-element elementor-element-69ace3b\" data-id=\"69ace3b\" data-element_type=\"column\" data-e-type=\"column\" data-settings=\"{&quot;background_background&quot;:&quot;classic&quot;}\">\n\t\t\t<div class=\"elementor-widget-wrap elementor-element-populated\">\n\t\t\t\t\t\t<div class=\"elementor-element elementor-element-f43221c elementor-widget elementor-widget-heading\" data-id=\"f43221c\" data-element_type=\"widget\" data-e-type=\"widget\" data-widget_type=\"heading.default\">\n\t\t\t\t<div class=\"elementor-widget-container\">\n\t\t\t\t\t<h1 class=\"elementor-heading-title elementor-size-default\">Certifications Compl\u00e8tes des Dispositifs M\u00e9dicaux<\/h1>\t\t\t\t<\/div>\n\t\t\t\t<\/div>\n\t\t\t\t<div class=\"elementor-element elementor-element-b3ed3c5 elementor-widget elementor-widget-text-editor\" data-id=\"b3ed3c5\" data-element_type=\"widget\" data-e-type=\"widget\" data-widget_type=\"text-editor.default\">\n\t\t\t\t<div class=\"elementor-widget-container\">\n\t\t\t\t\t\t\t\t\t<p><span style=\"color: #ffffff;\">Notre usine dispose d&rsquo;une certification compl\u00e8te et \u00e9tendue pour les dispositifs m\u00e9dicaux, comprenant trois ann\u00e9es cons\u00e9cutives d&rsquo;approbations de la FDA et 78 certificats de produits. De plus, nos produits ont \u00e9t\u00e9 reconnus par la CE, la FDA, la NMPA et le MDSAP. Cela d\u00e9montre l&rsquo;engagement de notre entreprise envers la qualit\u00e9 et le respect des normes internationales.<\/span><\/p>\t\t\t\t\t\t\t\t<\/div>\n\t\t\t\t<\/div>\n\t\t\t\t\t<\/div>\n\t\t<\/div>\n\t\t\t\t<div class=\"elementor-column elementor-col-50 elementor-top-column elementor-element elementor-element-06054c8 elementor-hidden-tablet elementor-hidden-mobile\" data-id=\"06054c8\" data-element_type=\"column\" data-e-type=\"column\">\n\t\t\t<div class=\"elementor-widget-wrap\">\n\t\t\t\t\t\t\t<\/div>\n\t\t<\/div>\n\t\t\t\t\t<\/div>\n\t\t<\/section>\n\t\t\t\t<section class=\"elementor-section elementor-top-section elementor-element elementor-element-945e16f elementor-section-height-min-height elementor-section-boxed elementor-section-height-default elementor-section-items-middle\" data-id=\"945e16f\" data-element_type=\"section\" data-e-type=\"section\" data-settings=\"{&quot;background_background&quot;:&quot;classic&quot;,&quot;background_motion_fx_motion_fx_mouse&quot;:&quot;yes&quot;}\">\n\t\t\t\t\t\t\t<div class=\"elementor-background-overlay\"><\/div>\n\t\t\t\t\t\t\t<div class=\"elementor-container elementor-column-gap-wide\">\n\t\t\t\t\t<div class=\"elementor-column elementor-col-50 elementor-top-column elementor-element elementor-element-0e67e1e\" data-id=\"0e67e1e\" data-element_type=\"column\" data-e-type=\"column\" data-settings=\"{&quot;background_background&quot;:&quot;classic&quot;}\">\n\t\t\t<div class=\"elementor-widget-wrap elementor-element-populated\">\n\t\t\t\t\t\t<div class=\"elementor-element elementor-element-130b031 elementor-widget elementor-widget-heading\" data-id=\"130b031\" data-element_type=\"widget\" data-e-type=\"widget\" data-widget_type=\"heading.default\">\n\t\t\t\t<div class=\"elementor-widget-container\">\n\t\t\t\t\t<h1 class=\"elementor-heading-title elementor-size-default\">Surveillance de Bout en Bout pour les Produits les Plus S\u00fbrs<\/h1>\t\t\t\t<\/div>\n\t\t\t\t<\/div>\n\t\t\t\t<div class=\"elementor-element elementor-element-611124f elementor-widget elementor-widget-text-editor\" data-id=\"611124f\" data-element_type=\"widget\" data-e-type=\"widget\" data-widget_type=\"text-editor.default\">\n\t\t\t\t<div class=\"elementor-widget-container\">\n\t\t\t\t\t\t\t\t\t<p><span style=\"color: #ffffff;\">Nous attachons une grande importance \u00e0 la propret\u00e9 et au contr\u00f4le de la qualit\u00e9 de l&rsquo;environnement de production. L&rsquo;usine de dispositifs m\u00e9dicaux est conforme \u00e0 la norme internationale ISO 13485 et exerce un contr\u00f4le strict sur le personnel, la logistique, les flux d&rsquo;air, les colonies microbiennes et d&rsquo;autres aspects pour garantir la qualit\u00e9 et la s\u00e9curit\u00e9 des produits. Pendant le processus de remplissage des injections, nous effectuons \u00e9galement la proc\u00e9dure dans un environnement de haute sp\u00e9cification de classe 100, en surveillant les colonies microbiennes tout au long du processus pour assurer que le produit respecte les normes les plus \u00e9lev\u00e9es.<\/span><\/p>\t\t\t\t\t\t\t\t<\/div>\n\t\t\t\t<\/div>\n\t\t\t\t\t<\/div>\n\t\t<\/div>\n\t\t\t\t<div class=\"elementor-column elementor-col-50 elementor-top-column elementor-element elementor-element-6984743 elementor-hidden-tablet elementor-hidden-mobile\" data-id=\"6984743\" data-element_type=\"column\" data-e-type=\"column\">\n\t\t\t<div class=\"elementor-widget-wrap\">\n\t\t\t\t\t\t\t<\/div>\n\t\t<\/div>\n\t\t\t\t\t<\/div>\n\t\t<\/section>\n\t\t\t\t<section class=\"elementor-section elementor-top-section elementor-element elementor-element-602157c elementor-section-boxed elementor-section-height-default elementor-section-height-default\" data-id=\"602157c\" data-element_type=\"section\" data-e-type=\"section\" data-settings=\"{&quot;background_background&quot;:&quot;classic&quot;}\">\n\t\t\t\t\t\t<div class=\"elementor-container elementor-column-gap-default\">\n\t\t\t\t\t<div class=\"elementor-column elementor-col-50 elementor-top-column elementor-element elementor-element-b9a5a0b\" data-id=\"b9a5a0b\" data-element_type=\"column\" data-e-type=\"column\">\n\t\t\t<div class=\"elementor-widget-wrap elementor-element-populated\">\n\t\t\t\t\t\t<div class=\"elementor-element elementor-element-8bae80a elementor-widget elementor-widget-heading\" data-id=\"8bae80a\" data-element_type=\"widget\" data-e-type=\"widget\" data-widget_type=\"heading.default\">\n\t\t\t\t<div class=\"elementor-widget-container\">\n\t\t\t\t\t<h2 class=\"elementor-heading-title elementor-size-default\">Bienvenue aux Partenaires Distributeurs<\/h2>\t\t\t\t<\/div>\n\t\t\t\t<\/div>\n\t\t\t\t<div class=\"elementor-element elementor-element-2386062 elementor-widget elementor-widget-text-editor\" data-id=\"2386062\" data-element_type=\"widget\" data-e-type=\"widget\" data-widget_type=\"text-editor.default\">\n\t\t\t\t<div class=\"elementor-widget-container\">\n\t\t\t\t\t\t\t\t\t<p>Marque Propre MBI | OEM | ODM<\/p>\t\t\t\t\t\t\t\t<\/div>\n\t\t\t\t<\/div>\n\t\t\t\t<div class=\"elementor-element elementor-element-53a7587 elementor-widget elementor-widget-button\" data-id=\"53a7587\" data-element_type=\"widget\" data-e-type=\"widget\" data-widget_type=\"button.default\">\n\t\t\t\t<div class=\"elementor-widget-container\">\n\t\t\t\t\t\t\t\t\t<div class=\"elementor-button-wrapper\">\n\t\t\t\t\t<a class=\"elementor-button elementor-button-link elementor-size-sm\" href=\"\/en\/contact-us\">\n\t\t\t\t\t\t<span class=\"elementor-button-content-wrapper\">\n\t\t\t\t\t\t\t\t\t<span class=\"elementor-button-text\">Contactez-nous<\/span>\n\t\t\t\t\t<\/span>\n\t\t\t\t\t<\/a>\n\t\t\t\t<\/div>\n\t\t\t\t\t\t\t\t<\/div>\n\t\t\t\t<\/div>\n\t\t\t\t\t<\/div>\n\t\t<\/div>\n\t\t\t\t<div class=\"elementor-column elementor-col-50 elementor-top-column elementor-element elementor-element-a66f618\" data-id=\"a66f618\" data-element_type=\"column\" data-e-type=\"column\">\n\t\t\t<div class=\"elementor-widget-wrap\">\n\t\t\t\t\t\t\t<\/div>\n\t\t<\/div>\n\t\t\t\t\t<\/div>\n\t\t<\/section>\n\t\t\t\t<\/div>\n\t\t","protected":false},"excerpt":{"rendered":"<p>Produit Fabriqu\u00e9 \u00e0 Taiwan, D\u00e9di\u00e9 au Monde Fabriqu\u00e9 \u00e0 Taiwan et destin\u00e9 au monde, notre entreprise d\u00e9clare fi\u00e8rement que tous nos produits sont fabriqu\u00e9s \u00e0 Taiwan. Afin de garantir la qualit\u00e9 et la s\u00e9curit\u00e9 de nos produits, nous insistons sur la fabrication \u00e0 Taiwan, avec des proc\u00e9dures strictes de contr\u00f4le de la qualit\u00e9 et des [&hellip;]<\/p>\n","protected":false},"author":4,"featured_media":0,"parent":0,"menu_order":0,"comment_status":"closed","ping_status":"closed","template":"","meta":{"_acf_changed":false,"footnotes":""},"class_list":["post-14027","page","type-page","status-publish","hentry"],"acf":[],"_links":{"self":[{"href":"https:\/\/mbi-bio.com\/fr\/wp-json\/wp\/v2\/pages\/14027","targetHints":{"allow":["GET"]}}],"collection":[{"href":"https:\/\/mbi-bio.com\/fr\/wp-json\/wp\/v2\/pages"}],"about":[{"href":"https:\/\/mbi-bio.com\/fr\/wp-json\/wp\/v2\/types\/page"}],"author":[{"embeddable":true,"href":"https:\/\/mbi-bio.com\/fr\/wp-json\/wp\/v2\/users\/4"}],"replies":[{"embeddable":true,"href":"https:\/\/mbi-bio.com\/fr\/wp-json\/wp\/v2\/comments?post=14027"}],"version-history":[{"count":4,"href":"https:\/\/mbi-bio.com\/fr\/wp-json\/wp\/v2\/pages\/14027\/revisions"}],"predecessor-version":[{"id":14034,"href":"https:\/\/mbi-bio.com\/fr\/wp-json\/wp\/v2\/pages\/14027\/revisions\/14034"}],"wp:attachment":[{"href":"https:\/\/mbi-bio.com\/fr\/wp-json\/wp\/v2\/media?parent=14027"}],"curies":[{"name":"wp","href":"https:\/\/api.w.org\/{rel}","templated":true}]}}