{"id":14035,"date":"2023-03-30T11:32:32","date_gmt":"2023-03-30T03:32:32","guid":{"rendered":"https:\/\/mbi-bio.com\/innovating-collagen-hyaluronic-acid-since-1998\/"},"modified":"2024-10-15T14:44:03","modified_gmt":"2024-10-15T06:44:03","slug":"innovating-collagen-hyaluronic-acid-since-1998","status":"publish","type":"page","link":"https:\/\/mbi-bio.com\/fr\/innovating-collagen-hyaluronic-acid-since-1998\/","title":{"rendered":"Innovation en Collag\u00e8ne et Acide Hyaluronique depuis 1998"},"content":{"rendered":"\t\t<div data-elementor-type=\"wp-page\" data-elementor-id=\"14035\" class=\"elementor elementor-14035 elementor-4743\" data-elementor-post-type=\"page\">\n\t\t\t\t\t\t<section class=\"elementor-section elementor-top-section elementor-element elementor-element-e63d7dd elementor-section-height-min-height elementor-section-boxed elementor-section-height-default elementor-section-items-middle\" data-id=\"e63d7dd\" data-element_type=\"section\" data-e-type=\"section\" data-settings=\"{&quot;background_background&quot;:&quot;classic&quot;,&quot;background_motion_fx_motion_fx_mouse&quot;:&quot;yes&quot;}\">\n\t\t\t\t\t\t\t<div class=\"elementor-background-overlay\"><\/div>\n\t\t\t\t\t\t\t<div class=\"elementor-container elementor-column-gap-wide\">\n\t\t\t\t\t<div class=\"elementor-column elementor-col-50 elementor-top-column elementor-element elementor-element-111a559\" data-id=\"111a559\" data-element_type=\"column\" data-e-type=\"column\">\n\t\t\t<div class=\"elementor-widget-wrap elementor-element-populated\">\n\t\t\t\t\t\t<div class=\"elementor-element elementor-element-04b0dfe elementor-widget elementor-widget-heading\" data-id=\"04b0dfe\" data-element_type=\"widget\" data-e-type=\"widget\" data-widget_type=\"heading.default\">\n\t\t\t\t<div class=\"elementor-widget-container\">\n\t\t\t\t\t<h1 class=\"elementor-heading-title elementor-size-default\">Innovation en Collag\u00e8ne et Acide Hyaluronique depuis 1998<\/h1>\t\t\t\t<\/div>\n\t\t\t\t<\/div>\n\t\t\t\t<div class=\"elementor-element elementor-element-ca03bbb elementor-widget elementor-widget-text-editor\" data-id=\"ca03bbb\" data-element_type=\"widget\" data-e-type=\"widget\" data-widget_type=\"text-editor.default\">\n\t\t\t\t<div class=\"elementor-widget-container\">\n\t\t\t\t\t\t\t\t\t<p>MBI s&rsquo;est consacr\u00e9e au d\u00e9veloppement et \u00e0 l&rsquo;application du collag\u00e8ne et de l&rsquo;acide hyaluronique pour am\u00e9liorer la qualit\u00e9 de vie des consommateurs. Nous avons r\u00e9alis\u00e9 de grandes avanc\u00e9es dans le d\u00e9veloppement des mat\u00e9riaux. Nos produits sont largement utilis\u00e9s dans les domaines de l&rsquo;esth\u00e9tique m\u00e9dicale, de l&rsquo;orthop\u00e9die, de la dentisterie, de la chirurgie plastique, de l&rsquo;ophtalmologie, etc., apportant des traitements plus s\u00fbrs et plus efficaces aux patients. Nous disposons de 78 certificats de produits et certifications mondiales, y compris CE, FDA, NMPA et MDSAP, prouvant notre engagement envers la qualit\u00e9 et la s\u00e9curit\u00e9.<\/p>\t\t\t\t\t\t\t\t<\/div>\n\t\t\t\t<\/div>\n\t\t\t\t\t<\/div>\n\t\t<\/div>\n\t\t\t\t<div class=\"elementor-column elementor-col-50 elementor-top-column elementor-element elementor-element-1125cfb elementor-hidden-tablet elementor-hidden-mobile\" data-id=\"1125cfb\" data-element_type=\"column\" data-e-type=\"column\">\n\t\t\t<div class=\"elementor-widget-wrap\">\n\t\t\t\t\t\t\t<\/div>\n\t\t<\/div>\n\t\t\t\t\t<\/div>\n\t\t<\/section>\n\t\t\t\t<section class=\"elementor-section elementor-top-section elementor-element elementor-element-0f279e6 elementor-section-height-min-height elementor-section-boxed elementor-section-height-default elementor-section-items-middle\" data-id=\"0f279e6\" data-element_type=\"section\" data-e-type=\"section\" data-settings=\"{&quot;background_background&quot;:&quot;classic&quot;,&quot;background_motion_fx_motion_fx_mouse&quot;:&quot;yes&quot;}\">\n\t\t\t\t\t\t\t<div class=\"elementor-background-overlay\"><\/div>\n\t\t\t\t\t\t\t<div class=\"elementor-container elementor-column-gap-wide\">\n\t\t\t\t\t<div class=\"elementor-column elementor-col-50 elementor-top-column elementor-element elementor-element-954154b\" data-id=\"954154b\" data-element_type=\"column\" data-e-type=\"column\">\n\t\t\t<div class=\"elementor-widget-wrap elementor-element-populated\">\n\t\t\t\t\t\t<div class=\"elementor-element elementor-element-69daafe elementor-widget elementor-widget-heading\" data-id=\"69daafe\" data-element_type=\"widget\" data-e-type=\"widget\" data-widget_type=\"heading.default\">\n\t\t\t\t<div class=\"elementor-widget-container\">\n\t\t\t\t\t<h1 class=\"elementor-heading-title elementor-size-default\">Technologie de R\u00e9ticulation \u00c9quilibr\u00e9e de l'Acide Hyaluronique ECHA\u2122<\/h1>\t\t\t\t<\/div>\n\t\t\t\t<\/div>\n\t\t\t\t<div class=\"elementor-element elementor-element-ea72262 elementor-widget elementor-widget-text-editor\" data-id=\"ea72262\" data-element_type=\"widget\" data-e-type=\"widget\" data-widget_type=\"text-editor.default\">\n\t\t\t\t<div class=\"elementor-widget-container\">\n\t\t\t\t\t\t\t\t\t<p>Les produits d&rsquo;injection d&rsquo;acide hyaluronique b\u00e9n\u00e9ficient d&rsquo;une technologie exclusive de r\u00e9ticulation \u00e9quilibr\u00e9e, utilisant un agent r\u00e9ticulant BDDE \u00e0 faible r\u00e9sidu, plus s\u00fbr et plus fiable. Ces produits peuvent \u00eatre utilis\u00e9s dans les domaines de l&rsquo;orthop\u00e9die, de l&rsquo;esth\u00e9tique m\u00e9dicale, de l&rsquo;ophtalmologie et d&rsquo;autres champs m\u00e9dicaux, offrant de larges perspectives d&rsquo;application. Ainsi, le choix des produits d&rsquo;injection d&rsquo;acide hyaluronique fournit un soutien complet aux institutions m\u00e9dicales, apportant des traitements plus pr\u00e9cis, plus s\u00fbrs et plus efficaces \u00e0 davantage de patients.<\/p>\t\t\t\t\t\t\t\t<\/div>\n\t\t\t\t<\/div>\n\t\t\t\t\t<\/div>\n\t\t<\/div>\n\t\t\t\t<div class=\"elementor-column elementor-col-50 elementor-top-column elementor-element elementor-element-ffd8cef elementor-hidden-tablet elementor-hidden-mobile\" data-id=\"ffd8cef\" data-element_type=\"column\" data-e-type=\"column\">\n\t\t\t<div class=\"elementor-widget-wrap\">\n\t\t\t\t\t\t\t<\/div>\n\t\t<\/div>\n\t\t\t\t\t<\/div>\n\t\t<\/section>\n\t\t\t\t<section class=\"elementor-section elementor-top-section elementor-element elementor-element-07b9244 elementor-section-height-min-height elementor-section-boxed elementor-section-height-default elementor-section-items-middle\" data-id=\"07b9244\" data-element_type=\"section\" data-e-type=\"section\" data-settings=\"{&quot;background_background&quot;:&quot;classic&quot;,&quot;background_motion_fx_motion_fx_mouse&quot;:&quot;yes&quot;}\">\n\t\t\t\t\t\t\t<div class=\"elementor-background-overlay\"><\/div>\n\t\t\t\t\t\t\t<div class=\"elementor-container elementor-column-gap-wide\">\n\t\t\t\t\t<div class=\"elementor-column elementor-col-50 elementor-top-column elementor-element elementor-element-6d97e48\" data-id=\"6d97e48\" data-element_type=\"column\" data-e-type=\"column\">\n\t\t\t<div class=\"elementor-widget-wrap elementor-element-populated\">\n\t\t\t\t\t\t<div class=\"elementor-element elementor-element-430a165 elementor-widget elementor-widget-heading\" data-id=\"430a165\" data-element_type=\"widget\" data-e-type=\"widget\" data-widget_type=\"heading.default\">\n\t\t\t\t<div class=\"elementor-widget-container\">\n\t\t\t\t\t<h1 class=\"elementor-heading-title elementor-size-default\">Technologie de Purification du Collag\u00e8ne Brevet\u00e9e<\/h1>\t\t\t\t<\/div>\n\t\t\t\t<\/div>\n\t\t\t\t<div class=\"elementor-element elementor-element-03f8b85 elementor-widget elementor-widget-text-editor\" data-id=\"03f8b85\" data-element_type=\"widget\" data-e-type=\"widget\" data-widget_type=\"text-editor.default\">\n\t\t\t\t<div class=\"elementor-widget-container\">\n\t\t\t\t\t\t\t\t\t<p data-sider-select-id=\"d43a83c1-347d-4a54-a622-7d27045b35aa\">Nos produits \u00e0 base de collag\u00e8ne reposent sur une structure poreuse qui conserve la triple h\u00e9lice, avec une forte capacit\u00e9 de mim\u00e9tisme, ce qui permet de guider rapidement la migration cellulaire et contribue \u00e0 la r\u00e9g\u00e9n\u00e9ration des tissus mous. Le collag\u00e8ne pr\u00e9sente une grande r\u00e9sistance en conservant les fibres primaires gr\u00e2ce \u00e0 notre proc\u00e9d\u00e9 brevet\u00e9. Il est utilis\u00e9 dans de nombreux domaines tels que la dentisterie, la chirurgie et l&rsquo;orthop\u00e9die pour acc\u00e9l\u00e9rer le processus de cicatrisation des plaies, apportant un meilleur traitement aux patients.<\/p>\t\t\t\t\t\t\t\t<\/div>\n\t\t\t\t<\/div>\n\t\t\t\t\t<\/div>\n\t\t<\/div>\n\t\t\t\t<div class=\"elementor-column elementor-col-50 elementor-top-column elementor-element elementor-element-fe177b7 elementor-hidden-tablet elementor-hidden-mobile\" data-id=\"fe177b7\" data-element_type=\"column\" data-e-type=\"column\">\n\t\t\t<div class=\"elementor-widget-wrap\">\n\t\t\t\t\t\t\t<\/div>\n\t\t<\/div>\n\t\t\t\t\t<\/div>\n\t\t<\/section>\n\t\t\t\t<section class=\"elementor-section elementor-top-section elementor-element elementor-element-cb81061 elementor-section-height-min-height elementor-section-boxed elementor-section-height-default elementor-section-items-middle\" data-id=\"cb81061\" data-element_type=\"section\" data-e-type=\"section\" data-settings=\"{&quot;background_background&quot;:&quot;classic&quot;,&quot;background_motion_fx_motion_fx_mouse&quot;:&quot;yes&quot;}\">\n\t\t\t\t\t\t\t<div class=\"elementor-background-overlay\"><\/div>\n\t\t\t\t\t\t\t<div class=\"elementor-container elementor-column-gap-wide\">\n\t\t\t\t\t<div class=\"elementor-column elementor-col-50 elementor-top-column elementor-element elementor-element-6ebb5e7\" data-id=\"6ebb5e7\" data-element_type=\"column\" data-e-type=\"column\">\n\t\t\t<div class=\"elementor-widget-wrap elementor-element-populated\">\n\t\t\t\t\t\t<div class=\"elementor-element elementor-element-d246a6e elementor-widget elementor-widget-heading\" data-id=\"d246a6e\" data-element_type=\"widget\" data-e-type=\"widget\" data-widget_type=\"heading.default\">\n\t\t\t\t<div class=\"elementor-widget-container\">\n\t\t\t\t\t<h1 class=\"elementor-heading-title elementor-size-default\">Leader de l'Innovation avec une \u00c9quipe de R&amp;D Puissante<\/h1>\t\t\t\t<\/div>\n\t\t\t\t<\/div>\n\t\t\t\t<div class=\"elementor-element elementor-element-78e2358 elementor-widget elementor-widget-text-editor\" data-id=\"78e2358\" data-element_type=\"widget\" data-e-type=\"widget\" data-widget_type=\"text-editor.default\">\n\t\t\t\t<div class=\"elementor-widget-container\">\n\t\t\t\t\t\t\t\t\t<p>Nous avons une \u00e9quipe de R&amp;D de premier plan, principalement ax\u00e9e sur l&rsquo;innovation et l&rsquo;expertise. Avec 86 % de l&rsquo;\u00e9quipe de R&amp;D titulaire d&rsquo;une ma\u00eetrise, elle s&rsquo;engage \u00e0 d\u00e9velopper des produits plus efficaces, plus s\u00fbrs et innovants pour r\u00e9pondre aux besoins en constante \u00e9volution de nos clients. Nous croyons qu&rsquo;\u00e0 travers un investissement continu et le d\u00e9veloppement de talents en R&amp;D, nous pouvons offrir \u00e0 nos clients les produits et services les plus avanc\u00e9s.<\/p>\t\t\t\t\t\t\t\t<\/div>\n\t\t\t\t<\/div>\n\t\t\t\t\t<\/div>\n\t\t<\/div>\n\t\t\t\t<div class=\"elementor-column elementor-col-50 elementor-top-column elementor-element elementor-element-183a356 elementor-hidden-tablet elementor-hidden-mobile\" data-id=\"183a356\" data-element_type=\"column\" data-e-type=\"column\">\n\t\t\t<div class=\"elementor-widget-wrap\">\n\t\t\t\t\t\t\t<\/div>\n\t\t<\/div>\n\t\t\t\t\t<\/div>\n\t\t<\/section>\n\t\t\t\t<section class=\"elementor-section elementor-top-section elementor-element elementor-element-4f1b156 elementor-section-boxed elementor-section-height-default elementor-section-height-default\" data-id=\"4f1b156\" data-element_type=\"section\" data-e-type=\"section\" data-settings=\"{&quot;background_background&quot;:&quot;classic&quot;}\">\n\t\t\t\t\t\t<div class=\"elementor-container elementor-column-gap-default\">\n\t\t\t\t\t<div class=\"elementor-column elementor-col-50 elementor-top-column elementor-element elementor-element-bde1808\" data-id=\"bde1808\" data-element_type=\"column\" data-e-type=\"column\">\n\t\t\t<div class=\"elementor-widget-wrap elementor-element-populated\">\n\t\t\t\t\t\t<div class=\"elementor-element elementor-element-507f734 elementor-widget elementor-widget-heading\" data-id=\"507f734\" data-element_type=\"widget\" data-e-type=\"widget\" data-widget_type=\"heading.default\">\n\t\t\t\t<div class=\"elementor-widget-container\">\n\t\t\t\t\t<h2 class=\"elementor-heading-title elementor-size-default\">Bienvenue aux Partenaires Distributeurs<\/h2>\t\t\t\t<\/div>\n\t\t\t\t<\/div>\n\t\t\t\t<div class=\"elementor-element elementor-element-e2879a1 elementor-widget elementor-widget-text-editor\" data-id=\"e2879a1\" data-element_type=\"widget\" data-e-type=\"widget\" data-widget_type=\"text-editor.default\">\n\t\t\t\t<div class=\"elementor-widget-container\">\n\t\t\t\t\t\t\t\t\t<p>Marque Propre MBI | OEM | ODM<\/p>\t\t\t\t\t\t\t\t<\/div>\n\t\t\t\t<\/div>\n\t\t\t\t<div class=\"elementor-element elementor-element-99e6c45 elementor-widget elementor-widget-button\" data-id=\"99e6c45\" data-element_type=\"widget\" data-e-type=\"widget\" data-widget_type=\"button.default\">\n\t\t\t\t<div class=\"elementor-widget-container\">\n\t\t\t\t\t\t\t\t\t<div class=\"elementor-button-wrapper\">\n\t\t\t\t\t<a class=\"elementor-button elementor-button-link elementor-size-sm elementor-animation-shrink\" href=\"\/en\/contact-us\">\n\t\t\t\t\t\t<span class=\"elementor-button-content-wrapper\">\n\t\t\t\t\t\t\t\t\t<span class=\"elementor-button-text\">Contactez-nous<\/span>\n\t\t\t\t\t<\/span>\n\t\t\t\t\t<\/a>\n\t\t\t\t<\/div>\n\t\t\t\t\t\t\t\t<\/div>\n\t\t\t\t<\/div>\n\t\t\t\t\t<\/div>\n\t\t<\/div>\n\t\t\t\t<div class=\"elementor-column elementor-col-50 elementor-top-column elementor-element elementor-element-a8b1a7a\" data-id=\"a8b1a7a\" data-element_type=\"column\" data-e-type=\"column\">\n\t\t\t<div class=\"elementor-widget-wrap\">\n\t\t\t\t\t\t\t<\/div>\n\t\t<\/div>\n\t\t\t\t\t<\/div>\n\t\t<\/section>\n\t\t\t\t<\/div>\n\t\t","protected":false},"excerpt":{"rendered":"<p>Innovation en Collag\u00e8ne et Acide Hyaluronique depuis 1998 MBI s&rsquo;est consacr\u00e9e au d\u00e9veloppement et \u00e0 l&rsquo;application du collag\u00e8ne et de l&rsquo;acide hyaluronique pour am\u00e9liorer la qualit\u00e9 de vie des consommateurs. Nous avons r\u00e9alis\u00e9 de grandes avanc\u00e9es dans le d\u00e9veloppement des mat\u00e9riaux. Nos produits sont largement utilis\u00e9s dans les domaines de l&rsquo;esth\u00e9tique m\u00e9dicale, de l&rsquo;orthop\u00e9die, de [&hellip;]<\/p>\n","protected":false},"author":4,"featured_media":0,"parent":0,"menu_order":0,"comment_status":"closed","ping_status":"closed","template":"","meta":{"_acf_changed":false,"footnotes":""},"class_list":["post-14035","page","type-page","status-publish","hentry"],"acf":[],"_links":{"self":[{"href":"https:\/\/mbi-bio.com\/fr\/wp-json\/wp\/v2\/pages\/14035","targetHints":{"allow":["GET"]}}],"collection":[{"href":"https:\/\/mbi-bio.com\/fr\/wp-json\/wp\/v2\/pages"}],"about":[{"href":"https:\/\/mbi-bio.com\/fr\/wp-json\/wp\/v2\/types\/page"}],"author":[{"embeddable":true,"href":"https:\/\/mbi-bio.com\/fr\/wp-json\/wp\/v2\/users\/4"}],"replies":[{"embeddable":true,"href":"https:\/\/mbi-bio.com\/fr\/wp-json\/wp\/v2\/comments?post=14035"}],"version-history":[{"count":5,"href":"https:\/\/mbi-bio.com\/fr\/wp-json\/wp\/v2\/pages\/14035\/revisions"}],"predecessor-version":[{"id":14048,"href":"https:\/\/mbi-bio.com\/fr\/wp-json\/wp\/v2\/pages\/14035\/revisions\/14048"}],"wp:attachment":[{"href":"https:\/\/mbi-bio.com\/fr\/wp-json\/wp\/v2\/media?parent=14035"}],"curies":[{"name":"wp","href":"https:\/\/api.w.org\/{rel}","templated":true}]}}