{"id":12246,"date":"2023-03-06T17:48:08","date_gmt":"2023-03-06T09:48:08","guid":{"rendered":"https:\/\/mbi-bio.com\/quality\/"},"modified":"2024-08-01T11:17:44","modified_gmt":"2024-08-01T03:17:44","slug":"sistema-de-qualidade","status":"publish","type":"page","link":"https:\/\/mbi-bio.com\/pt-pt\/sistema-de-qualidade\/","title":{"rendered":"Sistema de Qualidade"},"content":{"rendered":"\t\t<div data-elementor-type=\"wp-page\" data-elementor-id=\"12246\" class=\"elementor elementor-12246 elementor-2033\" data-elementor-post-type=\"page\">\n\t\t\t\t\t\t<section class=\"elementor-section elementor-top-section elementor-element elementor-element-f678062 elementor-section-full_width elementor-section-height-default elementor-section-height-default\" data-id=\"f678062\" data-element_type=\"section\" data-e-type=\"section\">\n\t\t\t\t\t\t<div class=\"elementor-container elementor-column-gap-no\">\n\t\t\t\t\t<div class=\"elementor-column elementor-col-100 elementor-top-column elementor-element elementor-element-f3f102c\" data-id=\"f3f102c\" data-element_type=\"column\" data-e-type=\"column\">\n\t\t\t<div class=\"elementor-widget-wrap elementor-element-populated\">\n\t\t\t\t\t\t<div class=\"elementor-element elementor-element-7ef410d elementor-widget elementor-widget-ucaddon_qualitysystem_kv\" data-id=\"7ef410d\" data-element_type=\"widget\" data-e-type=\"widget\" data-widget_type=\"ucaddon_qualitysystem_kv.default\">\n\t\t\t\t<div class=\"elementor-widget-container\">\n\t\t\t\t\t\n<!-- start QualitySystem_kv -->\n<style>\/* widget: QualitySystem_kv *\/\n\n\/* CSS: \/wp-admin\/post.php?post=2029&action=edit *\/\n\n<\/style>\n\n<div class=\"quality_system_bn\">\n  <picture class=\"quality_system_bn_img\">\n    <source srcset=\"https:\/\/mbi-bio.com\/wp-content\/uploads\/quality_system_bn.jpg\" media=\"(min-width: 850px)\" \/>\n    <img decoding=\"async\" class=\"img\" src=\"https:\/\/mbi-bio.com\/wp-content\/uploads\/quality_system_bn.jpg\" alt=\"quality_system_bn\" \/>\n  <\/picture>\n  <div class=\"quality_system_bn_content_box flex\">\n    <div class=\"quality_system_bn_content\">\n      <h1 class=\"h1\">Sistema de Qualidade<\/h1>\n      <p class=\"p\">O sistema de qualidade de equipamentos m\u00e9dicos da MBI Biotech inclui design e desenvolvimento de produtos, gest\u00e3o de mat\u00e9rias-primas, fabrica\u00e7\u00e3o, inspe\u00e7\u00e3o de controle de qualidade, gest\u00e3o de armaz\u00e9m, vendas de produtos, atendimento ao cliente e outros processos.<\/p>\n    <\/div>\n  <\/div>\n<\/div>\n<!-- end QualitySystem_kv -->\t\t\t\t<\/div>\n\t\t\t\t<\/div>\n\t\t\t\t<div class=\"elementor-element elementor-element-d361d5e elementor-widget elementor-widget-image\" data-id=\"d361d5e\" data-element_type=\"widget\" data-e-type=\"widget\" data-widget_type=\"image.default\">\n\t\t\t\t<div class=\"elementor-widget-container\">\n\t\t\t\t\t\t\t\t\t\t\t\t\t\t\t<img fetchpriority=\"high\" decoding=\"async\" width=\"1920\" height=\"1080\" src=\"https:\/\/mbi-bio.com\/wp-content\/uploads\/QualitySystemPic.jpg\" class=\"attachment-full size-full wp-image-886\" alt=\"\" srcset=\"https:\/\/mbi-bio.com\/wp-content\/uploads\/QualitySystemPic.jpg 1920w, https:\/\/mbi-bio.com\/wp-content\/uploads\/QualitySystemPic-300x169.jpg 300w, https:\/\/mbi-bio.com\/wp-content\/uploads\/QualitySystemPic-1024x576.jpg 1024w, https:\/\/mbi-bio.com\/wp-content\/uploads\/QualitySystemPic-150x84.jpg 150w, https:\/\/mbi-bio.com\/wp-content\/uploads\/QualitySystemPic-768x432.jpg 768w, https:\/\/mbi-bio.com\/wp-content\/uploads\/QualitySystemPic-1536x864.jpg 1536w\" sizes=\"(max-width: 1920px) 100vw, 1920px\" \/>\t\t\t\t\t\t\t\t\t\t\t\t\t\t\t<\/div>\n\t\t\t\t<\/div>\n\t\t\t\t<div class=\"elementor-element elementor-element-1ee85ec elementor-widget elementor-widget-ucaddon_qualitysystem_slider\" data-id=\"1ee85ec\" data-element_type=\"widget\" data-e-type=\"widget\" data-widget_type=\"ucaddon_qualitysystem_slider.default\">\n\t\t\t\t<div class=\"elementor-widget-container\">\n\t\t\t\t\t\n<!-- start QualitySystem_slider -->\n<style>\/* widget: QualitySystem_slider *\/\n\n\/* CSS: \/wp-admin\/post.php?post=2029&action=edit *\/\n\n<\/style>\n\n<div class=\"block_space\">\n  <div class=\"medical_equipment_wrap\">\n    <div class=\"container\">\n      <h3 class=\"h3\">Especifica\u00e7\u00f5es do fabricante de equipamentos m\u00e9dicos<\/h3>\n    <\/div>\n    <div class=\"swiper medical_equipment\">\n      <div class=\"swiper-wrapper\">\n        <div class=\"swiper-slide medical_equipment_content\">\n  <div class=\"content_box\">\n    <div class=\"main_img_box\">\n      <div class=\"main_img\">\n        <img decoding=\"async\" class=\"img\" src=\"https:\/\/mbi-bio.com\/wp-content\/uploads\/medical_1.jpg\" alt=\"medical_1\" \/>\n      <\/div>\n    <\/div>\n    <div class=\"text_wrap\">\n      <h4 class=\"h4\">N\u00edvel de sala limpa<\/h4>\n      <ul>\n<li>\u00c1rea limpa classe 100.000<\/li>\n<li>\u00c1rea limpa classe 10.000<\/li>\n<li>\u00c1rea de preenchimento ass\u00e9ptico<\/li>\n<\/ul>\n    <\/div>\n  <\/div>\n<\/div>\n<div class=\"swiper-slide medical_equipment_content\">\n  <div class=\"content_box\">\n    <div class=\"main_img_box\">\n      <div class=\"main_img\">\n        <img decoding=\"async\" class=\"img\" src=\"https:\/\/mbi-bio.com\/wp-content\/uploads\/medical_2.jpg\" alt=\"medical_2\" \/>\n      <\/div>\n    <\/div>\n    <div class=\"text_wrap\">\n      <h4 class=\"h4\">Equipamentos de produ\u00e7\u00e3o<\/h4>\n      <ul class=\"ul\">\n<li class=\"li\">Homogeneizador de alta press\u00e3o<\/li>\n<li class=\"li\">Liofilizador<\/li>\n<li class=\"li\">M\u00e1quina de enchimento autom\u00e1tica<\/li>\n<li class=\"li\">Forno de alta temperatura<\/li>\n<li class=\"li\">M\u00e1quina autom\u00e1tica de blister<\/li>\n<li class=\"li\">M\u00e1quina formadora de caixas<\/li>\n<li class=\"li\">M\u00e1quina de embalagem autom\u00e1tica<\/li>\n<\/ul>\n    <\/div>\n  <\/div>\n<\/div>\n<div class=\"swiper-slide medical_equipment_content\">\n  <div class=\"content_box\">\n    <div class=\"main_img_box\">\n      <div class=\"main_img\">\n        <img decoding=\"async\" class=\"img\" src=\"https:\/\/mbi-bio.com\/wp-content\/uploads\/medical_3.jpg\" alt=\"medical_3\" \/>\n      <\/div>\n    <\/div>\n    <div class=\"text_wrap\">\n      <h4 class=\"h4\">Instrumentos anal\u00edticos<\/h4>\n      <ul class=\"ul\">\n<li class=\"li\">Analisador de Imunoensaio Enzim\u00e1tico (ELISA)<\/li>\n<li class=\"li\">Calorimetria Explorat\u00f3ria Diferencial (DSC)<\/li>\n<li class=\"li\">Analisador Termogravim\u00e9trico (TGA)<\/li>\n<li class=\"li\">Re\u00f4metro<\/li>\n<li class=\"li\">Analisador de Tamanho de Part\u00edculas<\/li>\n<li class=\"li\">Cromatografia L\u00edquida de Alta Efici\u00eancia (HPLC)<\/li>\n<li class=\"li\">M\u00e1quina de Teste de Materiais<\/li>\n<li class=\"li\">Espectrofot\u00f4metro<\/li>\n<li class=\"li\">Viscos\u00edmetro Capilar Autom\u00e1tico<\/li>\n<\/ul>\n    <\/div>\n  <\/div>\n<\/div>\n<div class=\"swiper-slide medical_equipment_content\">\n  <div class=\"content_box\">\n    <div class=\"main_img_box\">\n      <div class=\"main_img\">\n        <img decoding=\"async\" class=\"img\" src=\"https:\/\/mbi-bio.com\/wp-content\/uploads\/medical_4.jpg\" alt=\"medical_4\" \/>\n      <\/div>\n    <\/div>\n    <div class=\"text_wrap\">\n      <h4 class=\"h4\">Capacidade de produ\u00e7\u00e3o<\/h4>\n      <ul class=\"ul\">\n<li class=\"li\">Col\u00e1geno purificado<\/li>\n<li class=\"li\">Inje\u00e7\u00e3o de \u00e1cido hialur\u00f4nico<\/li>\n<li class=\"li\">Biocer\u00e2micas<\/li>\n<\/ul>\n    <\/div>\n  <\/div>\n<\/div>\n\n      <\/div>\n      <div class=\"swiper-pagination\"><\/div>\n    <\/div>\n  <\/div>\n<\/div>\n<!-- end QualitySystem_slider -->\t\t\t\t<\/div>\n\t\t\t\t<\/div>\n\t\t\t\t<div class=\"elementor-element elementor-element-fbdbdbd elementor-widget elementor-widget-heading\" data-id=\"fbdbdbd\" data-element_type=\"widget\" data-e-type=\"widget\" data-widget_type=\"heading.default\">\n\t\t\t\t<div class=\"elementor-widget-container\">\n\t\t\t\t\t<h2 class=\"elementor-heading-title elementor-size-default\">Sistema de Qualidade Completo<\/h2>\t\t\t\t<\/div>\n\t\t\t\t<\/div>\n\t\t\t\t<div class=\"elementor-element elementor-element-9ca7992 elementor-widget elementor-widget-image\" data-id=\"9ca7992\" data-element_type=\"widget\" data-e-type=\"widget\" data-widget_type=\"image.default\">\n\t\t\t\t<div class=\"elementor-widget-container\">\n\t\t\t\t\t\t\t\t\t\t\t\t\t\t\t<img decoding=\"async\" width=\"1920\" height=\"1080\" src=\"https:\/\/mbi-bio.com\/wp-content\/uploads\/qualitysystem_2.jpg\" class=\"attachment-full size-full wp-image-883\" alt=\"\" srcset=\"https:\/\/mbi-bio.com\/wp-content\/uploads\/qualitysystem_2.jpg 1920w, https:\/\/mbi-bio.com\/wp-content\/uploads\/qualitysystem_2-300x169.jpg 300w, https:\/\/mbi-bio.com\/wp-content\/uploads\/qualitysystem_2-1024x576.jpg 1024w, https:\/\/mbi-bio.com\/wp-content\/uploads\/qualitysystem_2-150x84.jpg 150w, https:\/\/mbi-bio.com\/wp-content\/uploads\/qualitysystem_2-768x432.jpg 768w, https:\/\/mbi-bio.com\/wp-content\/uploads\/qualitysystem_2-1536x864.jpg 1536w\" sizes=\"(max-width: 1920px) 100vw, 1920px\" \/>\t\t\t\t\t\t\t\t\t\t\t\t\t\t\t<\/div>\n\t\t\t\t<\/div>\n\t\t\t\t\t<\/div>\n\t\t<\/div>\n\t\t\t\t\t<\/div>\n\t\t<\/section>\n\t\t\t\t<\/div>\n\t\t","protected":false},"excerpt":{"rendered":"<p>Sistema de Qualidade O sistema de qualidade de equipamentos m\u00e9dicos da MBI Biotech inclui design e desenvolvimento de produtos, gest\u00e3o de mat\u00e9rias-primas, fabrica\u00e7\u00e3o, inspe\u00e7\u00e3o de controle de qualidade, gest\u00e3o de armaz\u00e9m, vendas de produtos, atendimento ao cliente e outros processos. Especifica\u00e7\u00f5es do fabricante de equipamentos m\u00e9dicos N\u00edvel de sala limpa \u00c1rea limpa classe 100.000 \u00c1rea [&hellip;]<\/p>\n","protected":false},"author":1,"featured_media":0,"parent":0,"menu_order":0,"comment_status":"closed","ping_status":"closed","template":"","meta":{"_acf_changed":false,"footnotes":""},"class_list":["post-12246","page","type-page","status-publish","hentry"],"acf":[],"_links":{"self":[{"href":"https:\/\/mbi-bio.com\/pt-pt\/wp-json\/wp\/v2\/pages\/12246","targetHints":{"allow":["GET"]}}],"collection":[{"href":"https:\/\/mbi-bio.com\/pt-pt\/wp-json\/wp\/v2\/pages"}],"about":[{"href":"https:\/\/mbi-bio.com\/pt-pt\/wp-json\/wp\/v2\/types\/page"}],"author":[{"embeddable":true,"href":"https:\/\/mbi-bio.com\/pt-pt\/wp-json\/wp\/v2\/users\/1"}],"replies":[{"embeddable":true,"href":"https:\/\/mbi-bio.com\/pt-pt\/wp-json\/wp\/v2\/comments?post=12246"}],"version-history":[{"count":9,"href":"https:\/\/mbi-bio.com\/pt-pt\/wp-json\/wp\/v2\/pages\/12246\/revisions"}],"predecessor-version":[{"id":12256,"href":"https:\/\/mbi-bio.com\/pt-pt\/wp-json\/wp\/v2\/pages\/12246\/revisions\/12256"}],"wp:attachment":[{"href":"https:\/\/mbi-bio.com\/pt-pt\/wp-json\/wp\/v2\/media?parent=12246"}],"curies":[{"name":"wp","href":"https:\/\/api.w.org\/{rel}","templated":true}]}}