{"id":12257,"date":"2023-03-30T10:36:25","date_gmt":"2023-03-30T02:36:25","guid":{"rendered":"https:\/\/mbi-bio.com\/our-global-business\/"},"modified":"2024-08-01T11:33:13","modified_gmt":"2024-08-01T03:33:13","slug":"nosso-negocio-global","status":"publish","type":"page","link":"https:\/\/mbi-bio.com\/pt-pt\/nosso-negocio-global\/","title":{"rendered":"Nosso Neg\u00f3cio Global"},"content":{"rendered":"\t\t<div data-elementor-type=\"wp-page\" data-elementor-id=\"12257\" class=\"elementor elementor-12257 elementor-4359\" data-elementor-post-type=\"page\">\n\t\t\t\t\t\t<section class=\"elementor-section elementor-top-section elementor-element elementor-element-ef16106 elementor-section-height-min-height elementor-section-boxed elementor-section-height-default elementor-section-items-middle\" data-id=\"ef16106\" data-element_type=\"section\" data-e-type=\"section\" data-settings=\"{&quot;background_background&quot;:&quot;classic&quot;,&quot;background_motion_fx_motion_fx_mouse&quot;:&quot;yes&quot;}\">\n\t\t\t\t\t\t\t<div class=\"elementor-background-overlay\"><\/div>\n\t\t\t\t\t\t\t<div class=\"elementor-container elementor-column-gap-wide\">\n\t\t\t\t\t<div class=\"elementor-column elementor-col-50 elementor-top-column elementor-element elementor-element-ee00dbd\" data-id=\"ee00dbd\" data-element_type=\"column\" data-e-type=\"column\" data-settings=\"{&quot;background_background&quot;:&quot;classic&quot;}\">\n\t\t\t<div class=\"elementor-widget-wrap elementor-element-populated\">\n\t\t\t\t\t\t<div class=\"elementor-element elementor-element-ffed17f elementor-widget elementor-widget-heading\" data-id=\"ffed17f\" data-element_type=\"widget\" data-e-type=\"widget\" data-widget_type=\"heading.default\">\n\t\t\t\t<div class=\"elementor-widget-container\">\n\t\t\t\t\t<h1 class=\"elementor-heading-title elementor-size-default\">Poder de Vendas Global<\/h1>\t\t\t\t<\/div>\n\t\t\t\t<\/div>\n\t\t\t\t<div class=\"elementor-element elementor-element-34d7f44 elementor-widget elementor-widget-text-editor\" data-id=\"34d7f44\" data-element_type=\"widget\" data-e-type=\"widget\" data-widget_type=\"text-editor.default\">\n\t\t\t\t<div class=\"elementor-widget-container\">\n\t\t\t\t\t\t\t\t\t<p><span style=\"color: #ffffff;\">Seja voc\u00ea uma institui\u00e7\u00e3o m\u00e9dica, ind\u00fastria da sa\u00fade ou consumidor individual, nossos produtos e servi\u00e7os podem atender \u00e0s suas necessidades. Com anos de experi\u00eancia em pesquisa e desenvolvimento e excelente qualidade de produto, estabelecemos uma ampla rede de vendas em 22 pa\u00edses e somos confi\u00e1veis por mais de 500 organiza\u00e7\u00f5es e mais de 4,1 bilh\u00f5es de pessoas.<\/span><\/p>\t\t\t\t\t\t\t\t<\/div>\n\t\t\t\t<\/div>\n\t\t\t\t\t<\/div>\n\t\t<\/div>\n\t\t\t\t<div class=\"elementor-column elementor-col-50 elementor-top-column elementor-element elementor-element-4a80dd0 elementor-hidden-tablet elementor-hidden-mobile\" data-id=\"4a80dd0\" data-element_type=\"column\" data-e-type=\"column\">\n\t\t\t<div class=\"elementor-widget-wrap\">\n\t\t\t\t\t\t\t<\/div>\n\t\t<\/div>\n\t\t\t\t\t<\/div>\n\t\t<\/section>\n\t\t\t\t<section class=\"elementor-section elementor-top-section elementor-element elementor-element-ec166aa elementor-section-height-min-height elementor-section-boxed elementor-section-height-default elementor-section-items-middle\" data-id=\"ec166aa\" data-element_type=\"section\" data-e-type=\"section\" data-settings=\"{&quot;background_background&quot;:&quot;classic&quot;,&quot;background_motion_fx_motion_fx_mouse&quot;:&quot;yes&quot;}\">\n\t\t\t\t\t\t\t<div class=\"elementor-background-overlay\"><\/div>\n\t\t\t\t\t\t\t<div class=\"elementor-container elementor-column-gap-wide\">\n\t\t\t\t\t<div class=\"elementor-column elementor-col-50 elementor-top-column elementor-element elementor-element-303dd14\" data-id=\"303dd14\" data-element_type=\"column\" data-e-type=\"column\" data-settings=\"{&quot;background_background&quot;:&quot;classic&quot;}\">\n\t\t\t<div class=\"elementor-widget-wrap elementor-element-populated\">\n\t\t\t\t\t\t<div class=\"elementor-element elementor-element-e639dc7 elementor-widget elementor-widget-heading\" data-id=\"e639dc7\" data-element_type=\"widget\" data-e-type=\"widget\" data-widget_type=\"heading.default\">\n\t\t\t\t<div class=\"elementor-widget-container\">\n\t\t\t\t\t<h1 class=\"elementor-heading-title elementor-size-default\">Nosso Neg\u00f3cio Global<\/h1>\t\t\t\t<\/div>\n\t\t\t\t<\/div>\n\t\t\t\t<div class=\"elementor-element elementor-element-e5fd0c6 elementor-widget elementor-widget-text-editor\" data-id=\"e5fd0c6\" data-element_type=\"widget\" data-e-type=\"widget\" data-widget_type=\"text-editor.default\">\n\t\t\t\t<div class=\"elementor-widget-container\">\n\t\t\t\t\t\t\t\t\t<p><span style=\"color: #ffffff;\">Uma estrat\u00e9gia de marketing eficaz \u00e9 a chave para o sucesso no mercado competitivo de hoje. A MBI oferece solu\u00e7\u00f5es de marketing completas para ajudar os clientes a se destacarem no mercado. Nossa linha de produtos inclui m\u00faltiplas categorias, cuidando de todas as partes do corpo humano, para que os clientes possam escolher os produtos mais adequados de acordo com suas necessidades.<\/span><\/p>\n<p>\u00a0<\/p>\n<p><span style=\"color: #ffffff;\">Al\u00e9m das vantagens de nossas linhas de produtos, tamb\u00e9m oferecemos dispositivos m\u00e9dicos e produtos de sa\u00fade que podem ser promovidos para vendas conjuntas, permitindo que nossos clientes atendam melhor \u00e0s demandas do mercado. Desde a P&amp;D at\u00e9 a certifica\u00e7\u00e3o, somos capazes de fornecer produtos m\u00e9dicos personalizados para atender \u00e0s necessidades de nossos clientes. Al\u00e9m disso, podemos cooperar com KOLs (Key Opinion Leaders) adequados para marketing e realizar semin\u00e1rios para dar mais visibilidade e reconhecimento aos produtos de nossos clientes.<\/span><\/p>\t\t\t\t\t\t\t\t<\/div>\n\t\t\t\t<\/div>\n\t\t\t\t\t<\/div>\n\t\t<\/div>\n\t\t\t\t<div class=\"elementor-column elementor-col-50 elementor-top-column elementor-element elementor-element-ce09a19 elementor-hidden-tablet elementor-hidden-mobile\" data-id=\"ce09a19\" data-element_type=\"column\" data-e-type=\"column\">\n\t\t\t<div class=\"elementor-widget-wrap\">\n\t\t\t\t\t\t\t<\/div>\n\t\t<\/div>\n\t\t\t\t\t<\/div>\n\t\t<\/section>\n\t\t\t\t<section class=\"elementor-section elementor-top-section elementor-element elementor-element-195a169 elementor-section-boxed elementor-section-height-default elementor-section-height-default\" data-id=\"195a169\" data-element_type=\"section\" data-e-type=\"section\">\n\t\t\t\t\t\t<div class=\"elementor-container elementor-column-gap-default\">\n\t\t\t\t\t<div class=\"elementor-column elementor-col-100 elementor-top-column elementor-element elementor-element-512401c\" data-id=\"512401c\" data-element_type=\"column\" data-e-type=\"column\">\n\t\t\t<div class=\"elementor-widget-wrap elementor-element-populated\">\n\t\t\t\t\t\t<div class=\"elementor-element elementor-element-4a32800 elementor-widget elementor-widget-heading\" data-id=\"4a32800\" data-element_type=\"widget\" data-e-type=\"widget\" data-widget_type=\"heading.default\">\n\t\t\t\t<div class=\"elementor-widget-container\">\n\t\t\t\t\t<h2 class=\"elementor-heading-title elementor-size-default\"><h2 data-elementor-setting-key=\"title\" data-pen-placeholder=\"Type Here...\" style=\"font-size: 52px;font-weight: 500;line-height: 1.2em;color: var( --e-global-color-accent )\">  <\/h2><\/h2>\t\t\t\t<\/div>\n\t\t\t\t<\/div>\n\t\t\t\t<div class=\"elementor-element elementor-element-fec5b7c elementor-widget elementor-widget-text-editor\" data-id=\"fec5b7c\" data-element_type=\"widget\" data-e-type=\"widget\" data-widget_type=\"text-editor.default\">\n\t\t\t\t<div class=\"elementor-widget-container\">\n\t\t\t\t\t\t\t\t\t<p>\u00a0<\/p>\n<p>\u00a0<\/p>\n<p>\u00a0<\/p>\n<p>Neste mundo de globaliza\u00e7\u00e3o econ\u00f4mica, as solu\u00e7\u00f5es de marketing da MBI t\u00eam um alcance global. Nossos clientes v\u00eam de diversos campos, incluindo ind\u00fastrias m\u00e9dicas, de beleza e de cuidados com a sa\u00fade. Ganhamos a confian\u00e7a e o apoio de nossos clientes com nossa excelente qualidade de produto e estrat\u00e9gias de marketing eficazes.<\/p>\n<p>\u00a0<\/p>\n<p>Estamos comprometidos em fornecer os melhores produtos e servi\u00e7os aos nossos clientes com o princ\u00edpio de colocar os clientes em primeiro lugar. Continuamos inovando e progredindo, trazendo mais valores e lucros para nossos clientes. Se voc\u00ea est\u00e1 procurando uma solu\u00e7\u00e3o de marketing completa, a MBI \u00e9 definitivamente a sua melhor op\u00e7\u00e3o.<\/p>\n<p>\u00a0<\/p>\n<p>\u00a0<\/p>\t\t\t\t\t\t\t\t<\/div>\n\t\t\t\t<\/div>\n\t\t\t\t\t<\/div>\n\t\t<\/div>\n\t\t\t\t\t<\/div>\n\t\t<\/section>\n\t\t\t\t<section class=\"elementor-section elementor-top-section elementor-element elementor-element-9f6865d elementor-section-height-min-height elementor-section-boxed elementor-section-height-default elementor-section-items-middle\" data-id=\"9f6865d\" data-element_type=\"section\" data-e-type=\"section\" data-settings=\"{&quot;background_background&quot;:&quot;classic&quot;,&quot;background_motion_fx_motion_fx_mouse&quot;:&quot;yes&quot;}\">\n\t\t\t\t\t\t\t<div class=\"elementor-background-overlay\"><\/div>\n\t\t\t\t\t\t\t<div class=\"elementor-container elementor-column-gap-wide\">\n\t\t\t\t\t<div class=\"elementor-column elementor-col-50 elementor-top-column elementor-element elementor-element-a4d4fee\" data-id=\"a4d4fee\" data-element_type=\"column\" data-e-type=\"column\" data-settings=\"{&quot;background_background&quot;:&quot;classic&quot;}\">\n\t\t\t<div class=\"elementor-widget-wrap elementor-element-populated\">\n\t\t\t\t\t\t<div class=\"elementor-element elementor-element-c7d2b1f elementor-widget elementor-widget-heading\" data-id=\"c7d2b1f\" data-element_type=\"widget\" data-e-type=\"widget\" data-widget_type=\"heading.default\">\n\t\t\t\t<div class=\"elementor-widget-container\">\n\t\t\t\t\t<h1 class=\"elementor-heading-title elementor-size-default\">Parceiros da MBI para o Sucesso<\/h1>\t\t\t\t<\/div>\n\t\t\t\t<\/div>\n\t\t\t\t<div class=\"elementor-element elementor-element-4b42d85 elementor-widget elementor-widget-text-editor\" data-id=\"4b42d85\" data-element_type=\"widget\" data-e-type=\"widget\" data-widget_type=\"text-editor.default\">\n\t\t\t\t<div class=\"elementor-widget-container\">\n\t\t\t\t\t\t\t\t\t<p><span style=\"color: #ffffff;\">Temos 22 produtos de marca pr\u00f3pria, incluindo dispositivos m\u00e9dicos ortop\u00e9dicos, odontol\u00f3gicos, est\u00e9ticos, cir\u00fargicos e oft\u00e1lmicos, e tamb\u00e9m fornecemos servi\u00e7os ODM\/OEM\/CDMO. Atrav\u00e9s da coopera\u00e7\u00e3o, podemos criar uma situa\u00e7\u00e3o de ganho m\u00fatuo. Como especialistas na ind\u00fastria de dispositivos m\u00e9dicos, oferecemos solu\u00e7\u00f5es de marketing abrangentes para atender \u00e0s necessidades de diferentes mercados, oferecendo uma ampla variedade de produtos de acordo com os requisitos dos clientes. Estamos ansiosos para cooperar e lucrar com voc\u00ea.<\/span><\/p>\t\t\t\t\t\t\t\t<\/div>\n\t\t\t\t<\/div>\n\t\t\t\t\t<\/div>\n\t\t<\/div>\n\t\t\t\t<div class=\"elementor-column elementor-col-50 elementor-top-column elementor-element elementor-element-477a999 elementor-hidden-tablet elementor-hidden-mobile\" data-id=\"477a999\" data-element_type=\"column\" data-e-type=\"column\">\n\t\t\t<div class=\"elementor-widget-wrap\">\n\t\t\t\t\t\t\t<\/div>\n\t\t<\/div>\n\t\t\t\t\t<\/div>\n\t\t<\/section>\n\t\t\t\t<section class=\"elementor-section elementor-top-section elementor-element elementor-element-3289d7c elementor-section-boxed elementor-section-height-default elementor-section-height-default\" data-id=\"3289d7c\" data-element_type=\"section\" data-e-type=\"section\" data-settings=\"{&quot;background_background&quot;:&quot;classic&quot;}\">\n\t\t\t\t\t\t<div class=\"elementor-container elementor-column-gap-default\">\n\t\t\t\t\t<div class=\"elementor-column elementor-col-50 elementor-top-column elementor-element elementor-element-1cfec70\" data-id=\"1cfec70\" data-element_type=\"column\" data-e-type=\"column\">\n\t\t\t<div class=\"elementor-widget-wrap elementor-element-populated\">\n\t\t\t\t\t\t<div class=\"elementor-element elementor-element-d28075f elementor-widget elementor-widget-heading\" data-id=\"d28075f\" data-element_type=\"widget\" data-e-type=\"widget\" data-widget_type=\"heading.default\">\n\t\t\t\t<div class=\"elementor-widget-container\">\n\t\t\t\t\t<h2 class=\"elementor-heading-title elementor-size-default\">Bem-vindos Parceiros Distribuidores<\/h2>\t\t\t\t<\/div>\n\t\t\t\t<\/div>\n\t\t\t\t<div class=\"elementor-element elementor-element-41416f1 elementor-widget elementor-widget-text-editor\" data-id=\"41416f1\" data-element_type=\"widget\" data-e-type=\"widget\" data-widget_type=\"text-editor.default\">\n\t\t\t\t<div class=\"elementor-widget-container\">\n\t\t\t\t\t\t\t\t\t<p>Marca Pr\u00f3pria MBI | OEM | ODM<\/p>\t\t\t\t\t\t\t\t<\/div>\n\t\t\t\t<\/div>\n\t\t\t\t<div class=\"elementor-element elementor-element-758273c elementor-widget elementor-widget-button\" data-id=\"758273c\" data-element_type=\"widget\" data-e-type=\"widget\" data-widget_type=\"button.default\">\n\t\t\t\t<div class=\"elementor-widget-container\">\n\t\t\t\t\t\t\t\t\t<div class=\"elementor-button-wrapper\">\n\t\t\t\t\t<a class=\"elementor-button elementor-button-link elementor-size-sm elementor-animation-shrink\" href=\"\/en\/contact-us\">\n\t\t\t\t\t\t<span class=\"elementor-button-content-wrapper\">\n\t\t\t\t\t\t\t\t\t<span class=\"elementor-button-text\">Contate-nos<\/span>\n\t\t\t\t\t<\/span>\n\t\t\t\t\t<\/a>\n\t\t\t\t<\/div>\n\t\t\t\t\t\t\t\t<\/div>\n\t\t\t\t<\/div>\n\t\t\t\t\t<\/div>\n\t\t<\/div>\n\t\t\t\t<div class=\"elementor-column elementor-col-50 elementor-top-column elementor-element elementor-element-8685b96\" data-id=\"8685b96\" data-element_type=\"column\" data-e-type=\"column\">\n\t\t\t<div class=\"elementor-widget-wrap\">\n\t\t\t\t\t\t\t<\/div>\n\t\t<\/div>\n\t\t\t\t\t<\/div>\n\t\t<\/section>\n\t\t\t\t<\/div>\n\t\t","protected":false},"excerpt":{"rendered":"<p>Poder de Vendas Global Seja voc\u00ea uma institui\u00e7\u00e3o m\u00e9dica, ind\u00fastria da sa\u00fade ou consumidor individual, nossos produtos e servi\u00e7os podem atender \u00e0s suas necessidades. Com anos de experi\u00eancia em pesquisa e desenvolvimento e excelente qualidade de produto, estabelecemos uma ampla rede de vendas em 22 pa\u00edses e somos confi\u00e1veis por mais de 500 organiza\u00e7\u00f5es e [&hellip;]<\/p>\n","protected":false},"author":4,"featured_media":0,"parent":0,"menu_order":0,"comment_status":"closed","ping_status":"closed","template":"","meta":{"_acf_changed":false,"footnotes":""},"class_list":["post-12257","page","type-page","status-publish","hentry"],"acf":[],"_links":{"self":[{"href":"https:\/\/mbi-bio.com\/pt-pt\/wp-json\/wp\/v2\/pages\/12257","targetHints":{"allow":["GET"]}}],"collection":[{"href":"https:\/\/mbi-bio.com\/pt-pt\/wp-json\/wp\/v2\/pages"}],"about":[{"href":"https:\/\/mbi-bio.com\/pt-pt\/wp-json\/wp\/v2\/types\/page"}],"author":[{"embeddable":true,"href":"https:\/\/mbi-bio.com\/pt-pt\/wp-json\/wp\/v2\/users\/4"}],"replies":[{"embeddable":true,"href":"https:\/\/mbi-bio.com\/pt-pt\/wp-json\/wp\/v2\/comments?post=12257"}],"version-history":[{"count":6,"href":"https:\/\/mbi-bio.com\/pt-pt\/wp-json\/wp\/v2\/pages\/12257\/revisions"}],"predecessor-version":[{"id":12269,"href":"https:\/\/mbi-bio.com\/pt-pt\/wp-json\/wp\/v2\/pages\/12257\/revisions\/12269"}],"wp:attachment":[{"href":"https:\/\/mbi-bio.com\/pt-pt\/wp-json\/wp\/v2\/media?parent=12257"}],"curies":[{"name":"wp","href":"https:\/\/api.w.org\/{rel}","templated":true}]}}