{"id":12271,"date":"2023-03-30T11:35:31","date_gmt":"2023-03-30T03:35:31","guid":{"rendered":"https:\/\/mbi-bio.com\/product-of-made-in-taiwan-reaching-for-the-world\/"},"modified":"2024-08-01T11:45:12","modified_gmt":"2024-08-01T03:45:12","slug":"produto-feito-em-taiwan-alcancando-o-mundo","status":"publish","type":"page","link":"https:\/\/mbi-bio.com\/pt-pt\/produto-feito-em-taiwan-alcancando-o-mundo\/","title":{"rendered":"Produto Feito em Taiwan Alcan\u00e7ando o Mundo"},"content":{"rendered":"\t\t<div data-elementor-type=\"wp-page\" data-elementor-id=\"12271\" class=\"elementor elementor-12271 elementor-4762\" data-elementor-post-type=\"page\">\n\t\t\t\t\t\t<section class=\"elementor-section elementor-top-section elementor-element elementor-element-a9158ef elementor-section-height-min-height elementor-section-boxed elementor-section-height-default elementor-section-items-middle\" data-id=\"a9158ef\" data-element_type=\"section\" data-e-type=\"section\" data-settings=\"{&quot;background_background&quot;:&quot;classic&quot;,&quot;background_motion_fx_motion_fx_mouse&quot;:&quot;yes&quot;}\">\n\t\t\t\t\t\t\t<div class=\"elementor-background-overlay\"><\/div>\n\t\t\t\t\t\t\t<div class=\"elementor-container elementor-column-gap-wide\">\n\t\t\t\t\t<div class=\"elementor-column elementor-col-50 elementor-top-column elementor-element elementor-element-cbcb587\" data-id=\"cbcb587\" data-element_type=\"column\" data-e-type=\"column\" data-settings=\"{&quot;background_background&quot;:&quot;classic&quot;}\">\n\t\t\t<div class=\"elementor-widget-wrap elementor-element-populated\">\n\t\t\t\t\t\t<div class=\"elementor-element elementor-element-bbc283b elementor-widget elementor-widget-heading\" data-id=\"bbc283b\" data-element_type=\"widget\" data-e-type=\"widget\" data-widget_type=\"heading.default\">\n\t\t\t\t<div class=\"elementor-widget-container\">\n\t\t\t\t\t<h1 class=\"elementor-heading-title elementor-size-default\">Produto Feito <br>em Taiwan<br>Alcan\u00e7ando o Mundo<\/h1>\t\t\t\t<\/div>\n\t\t\t\t<\/div>\n\t\t\t\t<div class=\"elementor-element elementor-element-cf20d57 elementor-widget elementor-widget-text-editor\" data-id=\"cf20d57\" data-element_type=\"widget\" data-e-type=\"widget\" data-widget_type=\"text-editor.default\">\n\t\t\t\t<div class=\"elementor-widget-container\">\n\t\t\t\t\t\t\t\t\t<p><span style=\"color: #ffffff;\">Feitos em Taiwan e alcan\u00e7ando o mundo, nossa empresa declara com orgulho que todos os nossos produtos s\u00e3o fabricados em Taiwan. Para garantir a qualidade e a seguran\u00e7a de nossos produtos, insistimos na fabrica\u00e7\u00e3o em Taiwan, com rigorosos procedimentos de controle de qualidade e modernas instala\u00e7\u00f5es de produ\u00e7\u00e3o, para produzir dispositivos m\u00e9dicos de alta qualidade.<\/span><\/p>\t\t\t\t\t\t\t\t<\/div>\n\t\t\t\t<\/div>\n\t\t\t\t\t<\/div>\n\t\t<\/div>\n\t\t\t\t<div class=\"elementor-column elementor-col-50 elementor-top-column elementor-element elementor-element-ca67077 elementor-hidden-tablet elementor-hidden-mobile\" data-id=\"ca67077\" data-element_type=\"column\" data-e-type=\"column\">\n\t\t\t<div class=\"elementor-widget-wrap\">\n\t\t\t\t\t\t\t<\/div>\n\t\t<\/div>\n\t\t\t\t\t<\/div>\n\t\t<\/section>\n\t\t\t\t<section class=\"elementor-section elementor-top-section elementor-element elementor-element-7e49fa1 elementor-section-height-min-height elementor-section-boxed elementor-section-height-default elementor-section-items-middle\" data-id=\"7e49fa1\" data-element_type=\"section\" data-e-type=\"section\" data-settings=\"{&quot;background_background&quot;:&quot;classic&quot;,&quot;background_motion_fx_motion_fx_mouse&quot;:&quot;yes&quot;}\">\n\t\t\t\t\t\t\t<div class=\"elementor-background-overlay\"><\/div>\n\t\t\t\t\t\t\t<div class=\"elementor-container elementor-column-gap-wide\">\n\t\t\t\t\t<div class=\"elementor-column elementor-col-50 elementor-top-column elementor-element elementor-element-69ace3b\" data-id=\"69ace3b\" data-element_type=\"column\" data-e-type=\"column\" data-settings=\"{&quot;background_background&quot;:&quot;classic&quot;}\">\n\t\t\t<div class=\"elementor-widget-wrap elementor-element-populated\">\n\t\t\t\t\t\t<div class=\"elementor-element elementor-element-f43221c elementor-widget elementor-widget-heading\" data-id=\"f43221c\" data-element_type=\"widget\" data-e-type=\"widget\" data-widget_type=\"heading.default\">\n\t\t\t\t<div class=\"elementor-widget-container\">\n\t\t\t\t\t<h1 class=\"elementor-heading-title elementor-size-default\">Certifica\u00e7\u00f5es Completas de Dispositivos M\u00e9dicos<\/h1>\t\t\t\t<\/div>\n\t\t\t\t<\/div>\n\t\t\t\t<div class=\"elementor-element elementor-element-b3ed3c5 elementor-widget elementor-widget-text-editor\" data-id=\"b3ed3c5\" data-element_type=\"widget\" data-e-type=\"widget\" data-widget_type=\"text-editor.default\">\n\t\t\t\t<div class=\"elementor-widget-container\">\n\t\t\t\t\t\t\t\t\t<p><span style=\"color: #ffffff;\">Nossa f\u00e1brica possui uma certifica\u00e7\u00e3o completa e extensa para dispositivos m\u00e9dicos, incluindo aprova\u00e7\u00f5es consecutivas da FDA por tr\u00eas anos e 78 certificados de produtos. Al\u00e9m disso, nossos produtos foram reconhecidos pelas normas CE, FDA, NMPA e MDSAP. Essas certifica\u00e7\u00f5es demonstram o compromisso da nossa empresa com a qualidade e a conformidade com os padr\u00f5es internacionais.<\/span><\/p>\t\t\t\t\t\t\t\t<\/div>\n\t\t\t\t<\/div>\n\t\t\t\t\t<\/div>\n\t\t<\/div>\n\t\t\t\t<div class=\"elementor-column elementor-col-50 elementor-top-column elementor-element elementor-element-06054c8 elementor-hidden-tablet elementor-hidden-mobile\" data-id=\"06054c8\" data-element_type=\"column\" data-e-type=\"column\">\n\t\t\t<div class=\"elementor-widget-wrap\">\n\t\t\t\t\t\t\t<\/div>\n\t\t<\/div>\n\t\t\t\t\t<\/div>\n\t\t<\/section>\n\t\t\t\t<section class=\"elementor-section elementor-top-section elementor-element elementor-element-945e16f elementor-section-height-min-height elementor-section-boxed elementor-section-height-default elementor-section-items-middle\" data-id=\"945e16f\" data-element_type=\"section\" data-e-type=\"section\" data-settings=\"{&quot;background_background&quot;:&quot;classic&quot;,&quot;background_motion_fx_motion_fx_mouse&quot;:&quot;yes&quot;}\">\n\t\t\t\t\t\t\t<div class=\"elementor-background-overlay\"><\/div>\n\t\t\t\t\t\t\t<div class=\"elementor-container elementor-column-gap-wide\">\n\t\t\t\t\t<div class=\"elementor-column elementor-col-50 elementor-top-column elementor-element elementor-element-0e67e1e\" data-id=\"0e67e1e\" data-element_type=\"column\" data-e-type=\"column\" data-settings=\"{&quot;background_background&quot;:&quot;classic&quot;}\">\n\t\t\t<div class=\"elementor-widget-wrap elementor-element-populated\">\n\t\t\t\t\t\t<div class=\"elementor-element elementor-element-130b031 elementor-widget elementor-widget-heading\" data-id=\"130b031\" data-element_type=\"widget\" data-e-type=\"widget\" data-widget_type=\"heading.default\">\n\t\t\t\t<div class=\"elementor-widget-container\">\n\t\t\t\t\t<h1 class=\"elementor-heading-title elementor-size-default\">Monitoramento de Ponta a Ponta para os Produtos Mais Seguros<\/h1>\t\t\t\t<\/div>\n\t\t\t\t<\/div>\n\t\t\t\t<div class=\"elementor-element elementor-element-611124f elementor-widget elementor-widget-text-editor\" data-id=\"611124f\" data-element_type=\"widget\" data-e-type=\"widget\" data-widget_type=\"text-editor.default\">\n\t\t\t\t<div class=\"elementor-widget-container\">\n\t\t\t\t\t\t\t\t\t<p><span style=\"color: #ffffff;\">Damos grande import\u00e2ncia \u00e0 limpeza e ao controle de qualidade do ambiente de produ\u00e7\u00e3o. A f\u00e1brica de dispositivos m\u00e9dicos est\u00e1 em conformidade com a norma internacional ISO 13485 e possui um controle rigoroso sobre o pessoal, log\u00edstica, fluxo de ar, col\u00f4nias microbianas e outros aspectos para garantir a qualidade e seguran\u00e7a dos produtos. Durante o processo de preenchimento por inje\u00e7\u00e3o, tamb\u00e9m realizamos o procedimento em um ambiente de alta especifica\u00e7\u00e3o Classe 100, monitorando as col\u00f4nias microbianas durante todo o processo para assegurar que o produto atenda aos mais altos padr\u00f5es.<\/span><\/p>\t\t\t\t\t\t\t\t<\/div>\n\t\t\t\t<\/div>\n\t\t\t\t\t<\/div>\n\t\t<\/div>\n\t\t\t\t<div class=\"elementor-column elementor-col-50 elementor-top-column elementor-element elementor-element-6984743 elementor-hidden-tablet elementor-hidden-mobile\" data-id=\"6984743\" data-element_type=\"column\" data-e-type=\"column\">\n\t\t\t<div class=\"elementor-widget-wrap\">\n\t\t\t\t\t\t\t<\/div>\n\t\t<\/div>\n\t\t\t\t\t<\/div>\n\t\t<\/section>\n\t\t\t\t<section class=\"elementor-section elementor-top-section elementor-element elementor-element-602157c elementor-section-boxed elementor-section-height-default elementor-section-height-default\" data-id=\"602157c\" data-element_type=\"section\" data-e-type=\"section\" data-settings=\"{&quot;background_background&quot;:&quot;classic&quot;}\">\n\t\t\t\t\t\t<div class=\"elementor-container elementor-column-gap-default\">\n\t\t\t\t\t<div class=\"elementor-column elementor-col-50 elementor-top-column elementor-element elementor-element-b9a5a0b\" data-id=\"b9a5a0b\" data-element_type=\"column\" data-e-type=\"column\">\n\t\t\t<div class=\"elementor-widget-wrap elementor-element-populated\">\n\t\t\t\t\t\t<div class=\"elementor-element elementor-element-8bae80a elementor-widget elementor-widget-heading\" data-id=\"8bae80a\" data-element_type=\"widget\" data-e-type=\"widget\" data-widget_type=\"heading.default\">\n\t\t\t\t<div class=\"elementor-widget-container\">\n\t\t\t\t\t<h2 class=\"elementor-heading-title elementor-size-default\">Bem-vindos Parceiros Distribuidores<\/h2>\t\t\t\t<\/div>\n\t\t\t\t<\/div>\n\t\t\t\t<div class=\"elementor-element elementor-element-2386062 elementor-widget elementor-widget-text-editor\" data-id=\"2386062\" data-element_type=\"widget\" data-e-type=\"widget\" data-widget_type=\"text-editor.default\">\n\t\t\t\t<div class=\"elementor-widget-container\">\n\t\t\t\t\t\t\t\t\t<p>Marca Pr\u00f3pria MBI | OEM | ODM<\/p>\t\t\t\t\t\t\t\t<\/div>\n\t\t\t\t<\/div>\n\t\t\t\t<div class=\"elementor-element elementor-element-53a7587 elementor-widget elementor-widget-button\" data-id=\"53a7587\" data-element_type=\"widget\" data-e-type=\"widget\" data-widget_type=\"button.default\">\n\t\t\t\t<div class=\"elementor-widget-container\">\n\t\t\t\t\t\t\t\t\t<div class=\"elementor-button-wrapper\">\n\t\t\t\t\t<a class=\"elementor-button elementor-button-link elementor-size-sm\" href=\"\/en\/contact-us\">\n\t\t\t\t\t\t<span class=\"elementor-button-content-wrapper\">\n\t\t\t\t\t\t\t\t\t<span class=\"elementor-button-text\">Contate-nos<\/span>\n\t\t\t\t\t<\/span>\n\t\t\t\t\t<\/a>\n\t\t\t\t<\/div>\n\t\t\t\t\t\t\t\t<\/div>\n\t\t\t\t<\/div>\n\t\t\t\t\t<\/div>\n\t\t<\/div>\n\t\t\t\t<div class=\"elementor-column elementor-col-50 elementor-top-column elementor-element elementor-element-a66f618\" data-id=\"a66f618\" data-element_type=\"column\" data-e-type=\"column\">\n\t\t\t<div class=\"elementor-widget-wrap\">\n\t\t\t\t\t\t\t<\/div>\n\t\t<\/div>\n\t\t\t\t\t<\/div>\n\t\t<\/section>\n\t\t\t\t<\/div>\n\t\t","protected":false},"excerpt":{"rendered":"<p>Produto Feito em TaiwanAlcan\u00e7ando o Mundo Feitos em Taiwan e alcan\u00e7ando o mundo, nossa empresa declara com orgulho que todos os nossos produtos s\u00e3o fabricados em Taiwan. Para garantir a qualidade e a seguran\u00e7a de nossos produtos, insistimos na fabrica\u00e7\u00e3o em Taiwan, com rigorosos procedimentos de controle de qualidade e modernas instala\u00e7\u00f5es de produ\u00e7\u00e3o, para [&hellip;]<\/p>\n","protected":false},"author":4,"featured_media":0,"parent":0,"menu_order":0,"comment_status":"closed","ping_status":"closed","template":"","meta":{"_acf_changed":false,"footnotes":""},"class_list":["post-12271","page","type-page","status-publish","hentry"],"acf":[],"_links":{"self":[{"href":"https:\/\/mbi-bio.com\/pt-pt\/wp-json\/wp\/v2\/pages\/12271","targetHints":{"allow":["GET"]}}],"collection":[{"href":"https:\/\/mbi-bio.com\/pt-pt\/wp-json\/wp\/v2\/pages"}],"about":[{"href":"https:\/\/mbi-bio.com\/pt-pt\/wp-json\/wp\/v2\/types\/page"}],"author":[{"embeddable":true,"href":"https:\/\/mbi-bio.com\/pt-pt\/wp-json\/wp\/v2\/users\/4"}],"replies":[{"embeddable":true,"href":"https:\/\/mbi-bio.com\/pt-pt\/wp-json\/wp\/v2\/comments?post=12271"}],"version-history":[{"count":5,"href":"https:\/\/mbi-bio.com\/pt-pt\/wp-json\/wp\/v2\/pages\/12271\/revisions"}],"predecessor-version":[{"id":12279,"href":"https:\/\/mbi-bio.com\/pt-pt\/wp-json\/wp\/v2\/pages\/12271\/revisions\/12279"}],"wp:attachment":[{"href":"https:\/\/mbi-bio.com\/pt-pt\/wp-json\/wp\/v2\/media?parent=12271"}],"curies":[{"name":"wp","href":"https:\/\/api.w.org\/{rel}","templated":true}]}}