{"id":12280,"date":"2023-03-30T11:32:32","date_gmt":"2023-03-30T03:32:32","guid":{"rendered":"https:\/\/mbi-bio.com\/innovating-collagen-hyaluronic-acid-since-1998\/"},"modified":"2024-08-01T11:53:05","modified_gmt":"2024-08-01T03:53:05","slug":"inovando-em-colageno-e-acido-hialuronico-desde-1998","status":"publish","type":"page","link":"https:\/\/mbi-bio.com\/pt-pt\/inovando-em-colageno-e-acido-hialuronico-desde-1998\/","title":{"rendered":"Inovando em Col\u00e1geno e \u00c1cido Hialur\u00f4nico desde 1998"},"content":{"rendered":"\t\t<div data-elementor-type=\"wp-page\" data-elementor-id=\"12280\" class=\"elementor elementor-12280 elementor-4743\" data-elementor-post-type=\"page\">\n\t\t\t\t\t\t<section class=\"elementor-section elementor-top-section elementor-element elementor-element-e63d7dd elementor-section-height-min-height elementor-section-boxed elementor-section-height-default elementor-section-items-middle\" data-id=\"e63d7dd\" data-element_type=\"section\" data-e-type=\"section\" data-settings=\"{&quot;background_background&quot;:&quot;classic&quot;,&quot;background_motion_fx_motion_fx_mouse&quot;:&quot;yes&quot;}\">\n\t\t\t\t\t\t\t<div class=\"elementor-background-overlay\"><\/div>\n\t\t\t\t\t\t\t<div class=\"elementor-container elementor-column-gap-wide\">\n\t\t\t\t\t<div class=\"elementor-column elementor-col-50 elementor-top-column elementor-element elementor-element-111a559\" data-id=\"111a559\" data-element_type=\"column\" data-e-type=\"column\">\n\t\t\t<div class=\"elementor-widget-wrap elementor-element-populated\">\n\t\t\t\t\t\t<div class=\"elementor-element elementor-element-04b0dfe elementor-widget elementor-widget-heading\" data-id=\"04b0dfe\" data-element_type=\"widget\" data-e-type=\"widget\" data-widget_type=\"heading.default\">\n\t\t\t\t<div class=\"elementor-widget-container\">\n\t\t\t\t\t<h1 class=\"elementor-heading-title elementor-size-default\">Inovando em<br>Col\u00e1geno e \u00c1cido Hialur\u00f4nico<br>desde 1998<\/h1>\t\t\t\t<\/div>\n\t\t\t\t<\/div>\n\t\t\t\t<div class=\"elementor-element elementor-element-ca03bbb elementor-widget elementor-widget-text-editor\" data-id=\"ca03bbb\" data-element_type=\"widget\" data-e-type=\"widget\" data-widget_type=\"text-editor.default\">\n\t\t\t\t<div class=\"elementor-widget-container\">\n\t\t\t\t\t\t\t\t\t<p>A MBI tem se dedicado ao desenvolvimento e aplica\u00e7\u00e3o de col\u00e1geno e \u00e1cido hialur\u00f4nico para melhorar a qualidade de vida dos consumidores. Alcan\u00e7amos grandes conquistas no desenvolvimento de materiais. Nossos produtos s\u00e3o amplamente utilizados nos campos da est\u00e9tica m\u00e9dica, ortopedia, odontologia, cirurgia pl\u00e1stica, oftalmologia, entre outros, proporcionando tratamentos mais seguros e eficazes para os pacientes. Temos 78 certificados de produtos e certifica\u00e7\u00f5es globais, como CE, FDA, NMPA e MDSAP, que demonstram nosso compromisso com a qualidade e a seguran\u00e7a.<\/p>\t\t\t\t\t\t\t\t<\/div>\n\t\t\t\t<\/div>\n\t\t\t\t\t<\/div>\n\t\t<\/div>\n\t\t\t\t<div class=\"elementor-column elementor-col-50 elementor-top-column elementor-element elementor-element-1125cfb elementor-hidden-tablet elementor-hidden-mobile\" data-id=\"1125cfb\" data-element_type=\"column\" data-e-type=\"column\">\n\t\t\t<div class=\"elementor-widget-wrap\">\n\t\t\t\t\t\t\t<\/div>\n\t\t<\/div>\n\t\t\t\t\t<\/div>\n\t\t<\/section>\n\t\t\t\t<section class=\"elementor-section elementor-top-section elementor-element elementor-element-0f279e6 elementor-section-height-min-height elementor-section-boxed elementor-section-height-default elementor-section-items-middle\" data-id=\"0f279e6\" data-element_type=\"section\" data-e-type=\"section\" data-settings=\"{&quot;background_background&quot;:&quot;classic&quot;,&quot;background_motion_fx_motion_fx_mouse&quot;:&quot;yes&quot;}\">\n\t\t\t\t\t\t\t<div class=\"elementor-background-overlay\"><\/div>\n\t\t\t\t\t\t\t<div class=\"elementor-container elementor-column-gap-wide\">\n\t\t\t\t\t<div class=\"elementor-column elementor-col-50 elementor-top-column elementor-element elementor-element-954154b\" data-id=\"954154b\" data-element_type=\"column\" data-e-type=\"column\">\n\t\t\t<div class=\"elementor-widget-wrap elementor-element-populated\">\n\t\t\t\t\t\t<div class=\"elementor-element elementor-element-69daafe elementor-widget elementor-widget-heading\" data-id=\"69daafe\" data-element_type=\"widget\" data-e-type=\"widget\" data-widget_type=\"heading.default\">\n\t\t\t\t<div class=\"elementor-widget-container\">\n\t\t\t\t\t<h1 class=\"elementor-heading-title elementor-size-default\">Tecnologia de<br>Reticula\u00e7\u00e3o Balanceada ECHA\u2122 de \u00c1cido Hialur\u00f4nico<\/h1>\t\t\t\t<\/div>\n\t\t\t\t<\/div>\n\t\t\t\t<div class=\"elementor-element elementor-element-ea72262 elementor-widget elementor-widget-text-editor\" data-id=\"ea72262\" data-element_type=\"widget\" data-e-type=\"widget\" data-widget_type=\"text-editor.default\">\n\t\t\t\t<div class=\"elementor-widget-container\">\n\t\t\t\t\t\t\t\t\t<p>Os produtos de inje\u00e7\u00e3o de \u00e1cido hialur\u00f4nico possuem uma exclusiva tecnologia de reticula\u00e7\u00e3o balanceada, utilizando o agente de reticula\u00e7\u00e3o BDDE com baixo res\u00edduo, tornando-os mais seguros e confi\u00e1veis. Os produtos de inje\u00e7\u00e3o de \u00e1cido hialur\u00f4nico podem ser usados em ortopedia, est\u00e9tica m\u00e9dica, oftalmologia e outros campos m\u00e9dicos, com uma ampla gama de perspectivas de aplica\u00e7\u00e3o. Portanto, a sele\u00e7\u00e3o de produtos de inje\u00e7\u00e3o de \u00e1cido hialur\u00f4nico pode fornecer um suporte completo de produtos para institui\u00e7\u00f5es m\u00e9dicas, proporcionando um tratamento mais preciso, seguro e eficaz para mais pacientes.<\/p>\t\t\t\t\t\t\t\t<\/div>\n\t\t\t\t<\/div>\n\t\t\t\t\t<\/div>\n\t\t<\/div>\n\t\t\t\t<div class=\"elementor-column elementor-col-50 elementor-top-column elementor-element elementor-element-ffd8cef elementor-hidden-tablet elementor-hidden-mobile\" data-id=\"ffd8cef\" data-element_type=\"column\" data-e-type=\"column\">\n\t\t\t<div class=\"elementor-widget-wrap\">\n\t\t\t\t\t\t\t<\/div>\n\t\t<\/div>\n\t\t\t\t\t<\/div>\n\t\t<\/section>\n\t\t\t\t<section class=\"elementor-section elementor-top-section elementor-element elementor-element-07b9244 elementor-section-height-min-height elementor-section-boxed elementor-section-height-default elementor-section-items-middle\" data-id=\"07b9244\" data-element_type=\"section\" data-e-type=\"section\" data-settings=\"{&quot;background_background&quot;:&quot;classic&quot;,&quot;background_motion_fx_motion_fx_mouse&quot;:&quot;yes&quot;}\">\n\t\t\t\t\t\t\t<div class=\"elementor-background-overlay\"><\/div>\n\t\t\t\t\t\t\t<div class=\"elementor-container elementor-column-gap-wide\">\n\t\t\t\t\t<div class=\"elementor-column elementor-col-50 elementor-top-column elementor-element elementor-element-6d97e48\" data-id=\"6d97e48\" data-element_type=\"column\" data-e-type=\"column\">\n\t\t\t<div class=\"elementor-widget-wrap elementor-element-populated\">\n\t\t\t\t\t\t<div class=\"elementor-element elementor-element-430a165 elementor-widget elementor-widget-heading\" data-id=\"430a165\" data-element_type=\"widget\" data-e-type=\"widget\" data-widget_type=\"heading.default\">\n\t\t\t\t<div class=\"elementor-widget-container\">\n\t\t\t\t\t<h1 class=\"elementor-heading-title elementor-size-default\">Tecnologia Patenteada de Purifica\u00e7\u00e3o de Col\u00e1geno<\/h1>\t\t\t\t<\/div>\n\t\t\t\t<\/div>\n\t\t\t\t<div class=\"elementor-element elementor-element-03f8b85 elementor-widget elementor-widget-text-editor\" data-id=\"03f8b85\" data-element_type=\"widget\" data-e-type=\"widget\" data-widget_type=\"text-editor.default\">\n\t\t\t\t<div class=\"elementor-widget-container\">\n\t\t\t\t\t\t\t\t\t<p data-sider-select-id=\"d43a83c1-347d-4a54-a622-7d27045b35aa\">Nossos produtos de col\u00e1geno s\u00e3o baseados em uma estrutura porosa que ret\u00e9m a tripla h\u00e9lice, com alta mimetiza\u00e7\u00e3o, o que pode rapidamente guiar a migra\u00e7\u00e3o celular e contribuir para a regenera\u00e7\u00e3o de tecidos moles. O col\u00e1geno possui alta resist\u00eancia ao reter fibras prim\u00e1rias atrav\u00e9s do nosso processo patenteado. \u00c9 utilizado em diversos campos, como odontologia, cirurgia e ortopedia, para acelerar o processo de cicatriza\u00e7\u00e3o de feridas. Isso proporciona um tratamento melhor para os pacientes.<\/p>\t\t\t\t\t\t\t\t<\/div>\n\t\t\t\t<\/div>\n\t\t\t\t\t<\/div>\n\t\t<\/div>\n\t\t\t\t<div class=\"elementor-column elementor-col-50 elementor-top-column elementor-element elementor-element-fe177b7 elementor-hidden-tablet elementor-hidden-mobile\" data-id=\"fe177b7\" data-element_type=\"column\" data-e-type=\"column\">\n\t\t\t<div class=\"elementor-widget-wrap\">\n\t\t\t\t\t\t\t<\/div>\n\t\t<\/div>\n\t\t\t\t\t<\/div>\n\t\t<\/section>\n\t\t\t\t<section class=\"elementor-section elementor-top-section elementor-element elementor-element-cb81061 elementor-section-height-min-height elementor-section-boxed elementor-section-height-default elementor-section-items-middle\" data-id=\"cb81061\" data-element_type=\"section\" data-e-type=\"section\" data-settings=\"{&quot;background_background&quot;:&quot;classic&quot;,&quot;background_motion_fx_motion_fx_mouse&quot;:&quot;yes&quot;}\">\n\t\t\t\t\t\t\t<div class=\"elementor-background-overlay\"><\/div>\n\t\t\t\t\t\t\t<div class=\"elementor-container elementor-column-gap-wide\">\n\t\t\t\t\t<div class=\"elementor-column elementor-col-50 elementor-top-column elementor-element elementor-element-6ebb5e7\" data-id=\"6ebb5e7\" data-element_type=\"column\" data-e-type=\"column\">\n\t\t\t<div class=\"elementor-widget-wrap elementor-element-populated\">\n\t\t\t\t\t\t<div class=\"elementor-element elementor-element-d246a6e elementor-widget elementor-widget-heading\" data-id=\"d246a6e\" data-element_type=\"widget\" data-e-type=\"widget\" data-widget_type=\"heading.default\">\n\t\t\t\t<div class=\"elementor-widget-container\">\n\t\t\t\t\t<h1 class=\"elementor-heading-title elementor-size-default\">Liderando a Inova\u00e7\u00e3o<br>com uma Poderosa Equipe de P&amp;D<\/h1>\t\t\t\t<\/div>\n\t\t\t\t<\/div>\n\t\t\t\t<div class=\"elementor-element elementor-element-78e2358 elementor-widget elementor-widget-text-editor\" data-id=\"78e2358\" data-element_type=\"widget\" data-e-type=\"widget\" data-widget_type=\"text-editor.default\">\n\t\t\t\t<div class=\"elementor-widget-container\">\n\t\t\t\t\t\t\t\t\t<p>Temos uma equipe de P&amp;D l\u00edder, focada principalmente em inova\u00e7\u00e3o e expertise. Com 86% da equipe de P&amp;D possuindo mestrado, eles est\u00e3o comprometidos em desenvolver produtos mais eficientes, seguros e inovadores para atender \u00e0s necessidades em constante mudan\u00e7a de nossos clientes. Acreditamos que, atrav\u00e9s do investimento cont\u00ednuo e do desenvolvimento de talentos em P&amp;D, podemos fornecer aos nossos clientes os produtos e servi\u00e7os mais avan\u00e7ados.<\/p>\t\t\t\t\t\t\t\t<\/div>\n\t\t\t\t<\/div>\n\t\t\t\t\t<\/div>\n\t\t<\/div>\n\t\t\t\t<div class=\"elementor-column elementor-col-50 elementor-top-column elementor-element elementor-element-183a356 elementor-hidden-tablet elementor-hidden-mobile\" data-id=\"183a356\" data-element_type=\"column\" data-e-type=\"column\">\n\t\t\t<div class=\"elementor-widget-wrap\">\n\t\t\t\t\t\t\t<\/div>\n\t\t<\/div>\n\t\t\t\t\t<\/div>\n\t\t<\/section>\n\t\t\t\t<section class=\"elementor-section elementor-top-section elementor-element elementor-element-4f1b156 elementor-section-boxed elementor-section-height-default elementor-section-height-default\" data-id=\"4f1b156\" data-element_type=\"section\" data-e-type=\"section\" data-settings=\"{&quot;background_background&quot;:&quot;classic&quot;}\">\n\t\t\t\t\t\t<div class=\"elementor-container elementor-column-gap-default\">\n\t\t\t\t\t<div class=\"elementor-column elementor-col-50 elementor-top-column elementor-element elementor-element-bde1808\" data-id=\"bde1808\" data-element_type=\"column\" data-e-type=\"column\">\n\t\t\t<div class=\"elementor-widget-wrap elementor-element-populated\">\n\t\t\t\t\t\t<div class=\"elementor-element elementor-element-507f734 elementor-widget elementor-widget-heading\" data-id=\"507f734\" data-element_type=\"widget\" data-e-type=\"widget\" data-widget_type=\"heading.default\">\n\t\t\t\t<div class=\"elementor-widget-container\">\n\t\t\t\t\t<h2 class=\"elementor-heading-title elementor-size-default\">Bem-vindos Parceiros Distribuidores<\/h2>\t\t\t\t<\/div>\n\t\t\t\t<\/div>\n\t\t\t\t<div class=\"elementor-element elementor-element-e2879a1 elementor-widget elementor-widget-text-editor\" data-id=\"e2879a1\" data-element_type=\"widget\" data-e-type=\"widget\" data-widget_type=\"text-editor.default\">\n\t\t\t\t<div class=\"elementor-widget-container\">\n\t\t\t\t\t\t\t\t\t<p>Marca Pr\u00f3pria MBI | OEM | ODM<\/p>\t\t\t\t\t\t\t\t<\/div>\n\t\t\t\t<\/div>\n\t\t\t\t<div class=\"elementor-element elementor-element-99e6c45 elementor-widget elementor-widget-button\" data-id=\"99e6c45\" data-element_type=\"widget\" data-e-type=\"widget\" data-widget_type=\"button.default\">\n\t\t\t\t<div class=\"elementor-widget-container\">\n\t\t\t\t\t\t\t\t\t<div class=\"elementor-button-wrapper\">\n\t\t\t\t\t<a class=\"elementor-button elementor-button-link elementor-size-sm elementor-animation-shrink\" href=\"\/en\/contact-us\">\n\t\t\t\t\t\t<span class=\"elementor-button-content-wrapper\">\n\t\t\t\t\t\t\t\t\t<span class=\"elementor-button-text\">Contate-nos<\/span>\n\t\t\t\t\t<\/span>\n\t\t\t\t\t<\/a>\n\t\t\t\t<\/div>\n\t\t\t\t\t\t\t\t<\/div>\n\t\t\t\t<\/div>\n\t\t\t\t\t<\/div>\n\t\t<\/div>\n\t\t\t\t<div class=\"elementor-column elementor-col-50 elementor-top-column elementor-element elementor-element-a8b1a7a\" data-id=\"a8b1a7a\" data-element_type=\"column\" data-e-type=\"column\">\n\t\t\t<div class=\"elementor-widget-wrap\">\n\t\t\t\t\t\t\t<\/div>\n\t\t<\/div>\n\t\t\t\t\t<\/div>\n\t\t<\/section>\n\t\t\t\t<\/div>\n\t\t","protected":false},"excerpt":{"rendered":"<p>Inovando emCol\u00e1geno e \u00c1cido Hialur\u00f4nicodesde 1998 A MBI tem se dedicado ao desenvolvimento e aplica\u00e7\u00e3o de col\u00e1geno e \u00e1cido hialur\u00f4nico para melhorar a qualidade de vida dos consumidores. Alcan\u00e7amos grandes conquistas no desenvolvimento de materiais. Nossos produtos s\u00e3o amplamente utilizados nos campos da est\u00e9tica m\u00e9dica, ortopedia, odontologia, cirurgia pl\u00e1stica, oftalmologia, entre outros, proporcionando tratamentos mais [&hellip;]<\/p>\n","protected":false},"author":4,"featured_media":0,"parent":0,"menu_order":0,"comment_status":"closed","ping_status":"closed","template":"","meta":{"_acf_changed":false,"footnotes":""},"class_list":["post-12280","page","type-page","status-publish","hentry"],"acf":[],"_links":{"self":[{"href":"https:\/\/mbi-bio.com\/pt-pt\/wp-json\/wp\/v2\/pages\/12280","targetHints":{"allow":["GET"]}}],"collection":[{"href":"https:\/\/mbi-bio.com\/pt-pt\/wp-json\/wp\/v2\/pages"}],"about":[{"href":"https:\/\/mbi-bio.com\/pt-pt\/wp-json\/wp\/v2\/types\/page"}],"author":[{"embeddable":true,"href":"https:\/\/mbi-bio.com\/pt-pt\/wp-json\/wp\/v2\/users\/4"}],"replies":[{"embeddable":true,"href":"https:\/\/mbi-bio.com\/pt-pt\/wp-json\/wp\/v2\/comments?post=12280"}],"version-history":[{"count":6,"href":"https:\/\/mbi-bio.com\/pt-pt\/wp-json\/wp\/v2\/pages\/12280\/revisions"}],"predecessor-version":[{"id":12294,"href":"https:\/\/mbi-bio.com\/pt-pt\/wp-json\/wp\/v2\/pages\/12280\/revisions\/12294"}],"wp:attachment":[{"href":"https:\/\/mbi-bio.com\/pt-pt\/wp-json\/wp\/v2\/media?parent=12280"}],"curies":[{"name":"wp","href":"https:\/\/api.w.org\/{rel}","templated":true}]}}